{"id":29304,"date":"2025-04-10T04:35:03","date_gmt":"2025-04-10T00:35:03","guid":{"rendered":"https:\/\/pro-babochek.ru\/?page_id=29304"},"modified":"2026-02-04T17:53:37","modified_gmt":"2026-02-04T13:53:37","slug":"di","status":"publish","type":"page","link":"https:\/\/pro-babochek.ru\/it\/di","title":{"rendered":"Informazioni sul sito"},"content":{"rendered":"<p>Benvenuti su pro-babochek.ru, il vostro portale online dedicato allo straordinario e fragile mondo delle farfalle! Diamo il benvenuto a chiunque condivida la nostra passione per queste incredibili creature o stia appena iniziando a scoprirne la bellezza.<!--more--><\/p>\n<h2>La nostra missione<\/h2>\n<p>Abbiamo creato questo sito per raccogliere e sistematizzare informazioni interessanti e affidabili sulle farfalle. Il nostro obiettivo non \u00e8 solo quello di raccontarvi la diversit\u00e0 delle specie, ma anche di ispirarvi a prendervi cura della natura, di mostrarvi l&#039;unicit\u00e0 di ogni creatura alata e, magari, di incoraggiarvi a creare il vostro angolo delle farfalle in giardino.<\/p>\n<h2>Cosa troverai sul nostro sito web?<\/h2>\n<p>Lavoriamo costantemente per arricchire il sito e ci impegniamo a renderlo il pi\u00f9 utile e interessante possibile. Qui puoi trovare:<\/p>\n<ul>\n<li>Descrizioni dettagliate delle specie di farfalle presenti in Russia e in altre regioni del mondo.<\/li>\n<li>Fotografie e illustrazioni di alta qualit\u00e0 che consentono di ammirare le farfalle in tutto il loro splendore.<\/li>\n<li>Informazioni sul ciclo vitale delle farfalle: dall&#039;uovo e dal bruco alla pupa e all&#039;adulto.<\/li>\n<li>Articoli su ecologia, abitudini, migrazioni e protezione delle farfalle.<\/li>\n<li>Suggerimenti per osservare e fotografare le farfalle in natura.<\/li>\n<li>Idee per creare un giardino a misura di farfalla (giardino delle farfalle).<\/li>\n<\/ul>\n<h2>Il nostro approccio<\/h2>\n<p>Nel nostro lavoro ci orientiamo ad alcuni principi fondamentali:<\/p>\n<table>\n<thead>\n<tr>\n<th>Il nostro principio<\/th>\n<th>Cosa significa questo per te?<\/th>\n<\/tr>\n<\/thead>\n<tbody>\n<tr>\n<td>Affidabilit\u00e0 e pertinenza<\/td>\n<td>Ci impegniamo a fornire informazioni verificate basate su dati scientifici ed esperienze di esperti e ad aggiornare regolarmente i contenuti.<\/td>\n<\/tr>\n<tr>\n<td>Passione e ispirazione<\/td>\n<td>Amiamo davvero il mondo delle farfalle e vogliamo condividere questo amore con voi presentandovi le informazioni in un modo che non sia solo educativo ma anche divertente.<\/td>\n<\/tr>\n<\/tbody>\n<\/table>\n<h2>Unisciti a noi!<\/h2>\n<p>Il mondo delle farfalle \u00e8 immenso e riserva continuamente sorprese. Vi invitiamo a scoprirlo insieme a noi! Studiate i materiali del sito, condividete le vostre osservazioni e foto (se vi viene offerta l&#039;opportunit\u00e0), fate domande.<\/p>\n<p>Grazie per essere con noi! Ci auguriamo che il sito pro-babochek.ru diventi la vostra guida affidabile al magico mondo della lepidotterologia.<\/p>","protected":false},"excerpt":{"rendered":"<div class=\"mh-excerpt\"><p>Benvenuti su pro-babochek.ru, il vostro portale online dedicato allo straordinario e fragile mondo delle farfalle! Diamo il benvenuto a chiunque condivida la nostra passione per queste incredibili creature o stia appena iniziando a scoprirne la bellezza.<\/p>\n<\/div>","protected":false},"author":1,"featured_media":0,"parent":0,"menu_order":0,"comment_status":"closed","ping_status":"closed","template":"","meta":{"crb-meta-links":"","crb-meta-show":"","crb-meta-show-edited":"","crb-meta-use-manual":"off","footnotes":""},"class_list":["post-29304","page","type-page","status-publish"],"yoast_head":"<title>\u041e \u0441\u0430\u0439\u0442\u0435 - \u041c\u0438\u0440 \u0431\u0430\u0431\u043e\u0447\u0435\u043a \u0438 \u0432\u0441\u0451 \u043e \u043d\u0438\u0445 \u041e \u0441\u0430\u0439\u0442\u0435 pro-babochek.ru \u2013 \u0423\u0437\u043d\u0430\u0439\u0442\u0435 \u0432\u0441\u0451 \u043e \u043c\u0438\u0440\u0435 \u0431\u0430\u0431\u043e\u0447\u0435\u043a<\/title>\n<meta name=\"description\" content=\"\u0423\u0437\u043d\u0430\u0439\u0442\u0435 \u043e \u043c\u0438\u0441\u0441\u0438\u0438 \u0438 \u043a\u043e\u043c\u0430\u043d\u0434\u0435 \u0441\u0430\u0439\u0442\u0430 pro-babochek.ru. \u041c\u044b \u0434\u0435\u043b\u0438\u043c\u0441\u044f \u0437\u043d\u0430\u043d\u0438\u044f\u043c\u0438, \u0444\u043e\u0442\u043e\u0433\u0440\u0430\u0444\u0438\u044f\u043c\u0438 \u0438 \u043b\u044e\u0431\u043e\u0432\u044c\u044e \u043a \u0443\u0434\u0438\u0432\u0438\u0442\u0435\u043b\u044c\u043d\u043e\u043c\u0443 \u043c\u0438\u0440\u0443 \u0431\u0430\u0431\u043e\u0447\u0435\u043a. \u0412\u0430\u0448 \u0433\u0438\u0434 \u043f\u043e \u043b\u0435\u043f\u0438\u0434\u043e\u043f\u0442\u0435\u0440\u043e\u043b\u043e\u0433\u0438\u0438.\" \/>\n<meta name=\"robots\" content=\"index, follow, max-snippet:-1, max-image-preview:large, max-video-preview:-1\" \/>\n<link rel=\"canonical\" href=\"https:\/\/pro-babochek.ru\/it\/di\" \/>\n<meta property=\"og:locale\" content=\"it_IT\" \/>\n<meta property=\"og:type\" content=\"article\" \/>\n<meta property=\"og:title\" content=\"\u041e \u0441\u0430\u0439\u0442\u0435 - \u041c\u0438\u0440 \u0431\u0430\u0431\u043e\u0447\u0435\u043a \u0438 \u0432\u0441\u0451 \u043e \u043d\u0438\u0445 \u041e \u0441\u0430\u0439\u0442\u0435 pro-babochek.ru \u2013 \u0423\u0437\u043d\u0430\u0439\u0442\u0435 \u0432\u0441\u0451 \u043e \u043c\u0438\u0440\u0435 \u0431\u0430\u0431\u043e\u0447\u0435\u043a\" \/>\n<meta property=\"og:description\" content=\"\u0423\u0437\u043d\u0430\u0439\u0442\u0435 \u043e \u043c\u0438\u0441\u0441\u0438\u0438 \u0438 \u043a\u043e\u043c\u0430\u043d\u0434\u0435 \u0441\u0430\u0439\u0442\u0430 pro-babochek.ru. \u041c\u044b \u0434\u0435\u043b\u0438\u043c\u0441\u044f \u0437\u043d\u0430\u043d\u0438\u044f\u043c\u0438, \u0444\u043e\u0442\u043e\u0433\u0440\u0430\u0444\u0438\u044f\u043c\u0438 \u0438 \u043b\u044e\u0431\u043e\u0432\u044c\u044e \u043a \u0443\u0434\u0438\u0432\u0438\u0442\u0435\u043b\u044c\u043d\u043e\u043c\u0443 \u043c\u0438\u0440\u0443 \u0431\u0430\u0431\u043e\u0447\u0435\u043a. \u0412\u0430\u0448 \u0433\u0438\u0434 \u043f\u043e \u043b\u0435\u043f\u0438\u0434\u043e\u043f\u0442\u0435\u0440\u043e\u043b\u043e\u0433\u0438\u0438.\" \/>\n<meta property=\"og:url\" content=\"https:\/\/pro-babochek.ru\/it\/di\" \/>\n<meta property=\"og:site_name\" content=\"\u041c\u0438\u0440 \u0431\u0430\u0431\u043e\u0447\u0435\u043a \u0438 \u0432\u0441\u0451 \u043e \u043d\u0438\u0445\" \/>\n<meta property=\"article:modified_time\" content=\"2026-02-04T13:53:37+00:00\" \/>\n<meta property=\"og:image\" content=\"https:\/\/pro-babochek.ru\/wp-content\/uploads\/2018\/10\/butterfly.jpg\" \/>\n\t<meta property=\"og:image:width\" content=\"1200\" \/>\n\t<meta property=\"og:image:height\" content=\"656\" \/>\n\t<meta property=\"og:image:type\" content=\"image\/jpeg\" \/>\n<meta name=\"twitter:card\" content=\"summary_large_image\" \/>\n<script type=\"application\/ld+json\" class=\"yoast-schema-graph\">{\"@context\":\"https:\\\/\\\/schema.org\",\"@graph\":[{\"@type\":\"WebPage\",\"@id\":\"https:\\\/\\\/pro-babochek.ru\\\/about\",\"url\":\"https:\\\/\\\/pro-babochek.ru\\\/about\",\"name\":\"\u041e \u0441\u0430\u0439\u0442\u0435 - \u041c\u0438\u0440 \u0431\u0430\u0431\u043e\u0447\u0435\u043a \u0438 \u0432\u0441\u0451 \u043e \u043d\u0438\u0445 \u041e \u0441\u0430\u0439\u0442\u0435 pro-babochek.ru \u2013 \u0423\u0437\u043d\u0430\u0439\u0442\u0435 \u0432\u0441\u0451 \u043e \u043c\u0438\u0440\u0435 \u0431\u0430\u0431\u043e\u0447\u0435\u043a\",\"isPartOf\":{\"@id\":\"https:\\\/\\\/pro-babochek.ru\\\/#website\"},\"datePublished\":\"2025-04-10T00:35:03+00:00\",\"dateModified\":\"2026-02-04T13:53:37+00:00\",\"description\":\"\u0423\u0437\u043d\u0430\u0439\u0442\u0435 \u043e \u043c\u0438\u0441\u0441\u0438\u0438 \u0438 \u043a\u043e\u043c\u0430\u043d\u0434\u0435 \u0441\u0430\u0439\u0442\u0430 pro-babochek.ru. \u041c\u044b \u0434\u0435\u043b\u0438\u043c\u0441\u044f \u0437\u043d\u0430\u043d\u0438\u044f\u043c\u0438, \u0444\u043e\u0442\u043e\u0433\u0440\u0430\u0444\u0438\u044f\u043c\u0438 \u0438 \u043b\u044e\u0431\u043e\u0432\u044c\u044e \u043a \u0443\u0434\u0438\u0432\u0438\u0442\u0435\u043b\u044c\u043d\u043e\u043c\u0443 \u043c\u0438\u0440\u0443 \u0431\u0430\u0431\u043e\u0447\u0435\u043a. \u0412\u0430\u0448 \u0433\u0438\u0434 \u043f\u043e \u043b\u0435\u043f\u0438\u0434\u043e\u043f\u0442\u0435\u0440\u043e\u043b\u043e\u0433\u0438\u0438.\",\"breadcrumb\":{\"@id\":\"https:\\\/\\\/pro-babochek.ru\\\/about#breadcrumb\"},\"inLanguage\":\"it-IT\",\"potentialAction\":[{\"@type\":\"ReadAction\",\"target\":[\"https:\\\/\\\/pro-babochek.ru\\\/about\"]}]},{\"@type\":\"BreadcrumbList\",\"@id\":\"https:\\\/\\\/pro-babochek.ru\\\/about#breadcrumb\",\"itemListElement\":[{\"@type\":\"ListItem\",\"position\":1,\"name\":\"\u0413\u043b\u0430\u0432\u043d\u0430\u044f \u0441\u0442\u0440\u0430\u043d\u0438\u0446\u0430\",\"item\":\"https:\\\/\\\/pro-babochek.ru\\\/\"},{\"@type\":\"ListItem\",\"position\":2,\"name\":\"\u041e \u0441\u0430\u0439\u0442\u0435\"}]},{\"@type\":\"WebSite\",\"@id\":\"https:\\\/\\\/pro-babochek.ru\\\/#website\",\"url\":\"https:\\\/\\\/pro-babochek.ru\\\/\",\"name\":\"\u041c\u0438\u0440 \u0431\u0430\u0431\u043e\u0447\u0435\u043a \u0438 \u0432\u0441\u0451 \u043e \u043d\u0438\u0445\",\"description\":\"\u041f\u0440\u043e \u0431\u0430\u0431\u043e\u0447\u0435\u043a\",\"potentialAction\":[{\"@type\":\"SearchAction\",\"target\":{\"@type\":\"EntryPoint\",\"urlTemplate\":\"https:\\\/\\\/pro-babochek.ru\\\/?s={search_term_string}\"},\"query-input\":{\"@type\":\"PropertyValueSpecification\",\"valueRequired\":true,\"valueName\":\"search_term_string\"}}],\"inLanguage\":\"it-IT\"}]}<\/script>","yoast_head_json":{"title":"Informazioni sul sito - Il mondo delle farfalle e tutto ci\u00f2 che le riguarda Informazioni sul sito pro-babochek.ru \u2013 Scopri tutto sul mondo delle farfalle","description":"Scopri di pi\u00f9 sulla missione e sul team del sito web pro-babochek.ru. Condividiamo conoscenze, foto e amore per il fantastico mondo delle farfalle. La tua guida alla lepidotterologia.","robots":{"index":"index","follow":"follow","max-snippet":"max-snippet:-1","max-image-preview":"max-image-preview:large","max-video-preview":"max-video-preview:-1"},"canonical":"https:\/\/pro-babochek.ru\/it\/di","og_locale":"it_IT","og_type":"article","og_title":"\u041e \u0441\u0430\u0439\u0442\u0435 - \u041c\u0438\u0440 \u0431\u0430\u0431\u043e\u0447\u0435\u043a \u0438 \u0432\u0441\u0451 \u043e \u043d\u0438\u0445 \u041e \u0441\u0430\u0439\u0442\u0435 pro-babochek.ru \u2013 \u0423\u0437\u043d\u0430\u0439\u0442\u0435 \u0432\u0441\u0451 \u043e \u043c\u0438\u0440\u0435 \u0431\u0430\u0431\u043e\u0447\u0435\u043a","og_description":"\u0423\u0437\u043d\u0430\u0439\u0442\u0435 \u043e \u043c\u0438\u0441\u0441\u0438\u0438 \u0438 \u043a\u043e\u043c\u0430\u043d\u0434\u0435 \u0441\u0430\u0439\u0442\u0430 pro-babochek.ru. \u041c\u044b \u0434\u0435\u043b\u0438\u043c\u0441\u044f \u0437\u043d\u0430\u043d\u0438\u044f\u043c\u0438, \u0444\u043e\u0442\u043e\u0433\u0440\u0430\u0444\u0438\u044f\u043c\u0438 \u0438 \u043b\u044e\u0431\u043e\u0432\u044c\u044e \u043a \u0443\u0434\u0438\u0432\u0438\u0442\u0435\u043b\u044c\u043d\u043e\u043c\u0443 \u043c\u0438\u0440\u0443 \u0431\u0430\u0431\u043e\u0447\u0435\u043a. \u0412\u0430\u0448 \u0433\u0438\u0434 \u043f\u043e \u043b\u0435\u043f\u0438\u0434\u043e\u043f\u0442\u0435\u0440\u043e\u043b\u043e\u0433\u0438\u0438.","og_url":"https:\/\/pro-babochek.ru\/it\/di","og_site_name":"\u041c\u0438\u0440 \u0431\u0430\u0431\u043e\u0447\u0435\u043a \u0438 \u0432\u0441\u0451 \u043e \u043d\u0438\u0445","article_modified_time":"2026-02-04T13:53:37+00:00","og_image":[{"width":1200,"height":656,"url":"https:\/\/pro-babochek.ru\/wp-content\/uploads\/2018\/10\/butterfly.jpg","type":"image\/jpeg"}],"twitter_card":"summary_large_image","schema":{"@context":"https:\/\/schema.org","@graph":[{"@type":"WebPage","@id":"https:\/\/pro-babochek.ru\/about","url":"https:\/\/pro-babochek.ru\/about","name":"Informazioni sul sito - Il mondo delle farfalle e tutto ci\u00f2 che le riguarda Informazioni sul sito pro-babochek.ru \u2013 Scopri tutto sul mondo delle farfalle","isPartOf":{"@id":"https:\/\/pro-babochek.ru\/#website"},"datePublished":"2025-04-10T00:35:03+00:00","dateModified":"2026-02-04T13:53:37+00:00","description":"Scopri di pi\u00f9 sulla missione e sul team del sito web pro-babochek.ru. Condividiamo conoscenze, foto e amore per il fantastico mondo delle farfalle. La tua guida alla lepidotterologia.","breadcrumb":{"@id":"https:\/\/pro-babochek.ru\/about#breadcrumb"},"inLanguage":"it-IT","potentialAction":[{"@type":"ReadAction","target":["https:\/\/pro-babochek.ru\/about"]}]},{"@type":"BreadcrumbList","@id":"https:\/\/pro-babochek.ru\/about#breadcrumb","itemListElement":[{"@type":"ListItem","position":1,"name":"\u0413\u043b\u0430\u0432\u043d\u0430\u044f \u0441\u0442\u0440\u0430\u043d\u0438\u0446\u0430","item":"https:\/\/pro-babochek.ru\/"},{"@type":"ListItem","position":2,"name":"\u041e \u0441\u0430\u0439\u0442\u0435"}]},{"@type":"WebSite","@id":"https:\/\/pro-babochek.ru\/#website","url":"https:\/\/pro-babochek.ru\/","name":"Il mondo delle farfalle e tutto ci\u00f2 che le riguarda","description":"A proposito di farfalle","potentialAction":[{"@type":"SearchAction","target":{"@type":"EntryPoint","urlTemplate":"https:\/\/pro-babochek.ru\/?s={search_term_string}"},"query-input":{"@type":"PropertyValueSpecification","valueRequired":true,"valueName":"search_term_string"}}],"inLanguage":"it-IT"}]}},"_links":{"self":[{"href":"https:\/\/pro-babochek.ru\/it\/wp-json\/wp\/v2\/pages\/29304","targetHints":{"allow":["GET"]}}],"collection":[{"href":"https:\/\/pro-babochek.ru\/it\/wp-json\/wp\/v2\/pages"}],"about":[{"href":"https:\/\/pro-babochek.ru\/it\/wp-json\/wp\/v2\/types\/page"}],"author":[{"embeddable":true,"href":"https:\/\/pro-babochek.ru\/it\/wp-json\/wp\/v2\/users\/1"}],"replies":[{"embeddable":true,"href":"https:\/\/pro-babochek.ru\/it\/wp-json\/wp\/v2\/comments?post=29304"}],"version-history":[{"count":0,"href":"https:\/\/pro-babochek.ru\/it\/wp-json\/wp\/v2\/pages\/29304\/revisions"}],"wp:attachment":[{"href":"https:\/\/pro-babochek.ru\/it\/wp-json\/wp\/v2\/media?parent=29304"}],"curies":[{"name":"parola chiave","href":"https:\/\/api.w.org\/{rel}","templated":true}]}}