{"id":130,"date":"2014-04-04T01:30:51","date_gmt":"2014-04-03T21:30:51","guid":{"rendered":"https:\/\/pro-babochek.ru\/?page_id=130"},"modified":"2023-05-05T05:18:07","modified_gmt":"2023-05-05T01:18:07","slug":"farfalle","status":"publish","type":"page","link":"https:\/\/pro-babochek.ru\/it\/","title":{"rendered":"farfalle"},"content":{"rendered":"<p>Le farfalle sono creature meravigliose. Qui l&#039;orticaria eterogenea sedeva su un fiore. Certo, inizi immediatamente ad avvicinarti di soppiatto a lei. Prova a coprirlo con qualcosa. E se ci riesci, prendi la farfalla per le ali, tocca le antenne, la proboscide avvolta a spirale. E poi lo lanci: a cosa ti serve?<!--more--><\/p>\n<p><img loading=\"lazy\" decoding=\"async\" class=\"aligncenter size-full wp-image-225\" src=\"https:\/\/pro-babochek.ru\/wp-content\/uploads\/2014\/04\/vse-babochki.jpg\" alt=\"foto di farfalle\" width=\"750\" height=\"424\" srcset=\"https:\/\/pro-babochek.ru\/wp-content\/uploads\/2014\/04\/vse-babochki.jpg 750w, https:\/\/pro-babochek.ru\/wp-content\/uploads\/2014\/04\/vse-babochki-330x187.jpg 330w, https:\/\/pro-babochek.ru\/wp-content\/uploads\/2014\/04\/vse-babochki-678x383.jpg 678w, https:\/\/pro-babochek.ru\/wp-content\/uploads\/2014\/04\/vse-babochki-300x170.jpg 300w\" sizes=\"auto, (max-width: 750px) 100vw, 750px\" \/><\/p>\n<p>Ma la farfalla non pu\u00f2 pi\u00f9 volare, in qualche modo scivola obliquamente e batte impotente a terra. Le sue ali vellutate e luminose sono sfilacciate, il disegno \u00e8 cancellato, la base dell&#039;ala, trasparente come la mica, \u00e8 visibile ... La farfalla \u00e8 condannata a morte.<\/p>\n<p>\u00c8 molto pi\u00f9 interessante osservare le farfalle senza danneggiarle. Dopotutto, questo \u00e8 un insetto con una &quot;trasformazione completa&quot;. In uno scarafaggio, ad esempio, o in una cavalletta, un minuscolo scarafaggio o cavalletta esce immediatamente dall&#039;uovo. Ma il bruco, da cui risulter\u00e0 la farfalla, \u00e8 completamente diverso da esso. Non riesco nemmeno a credere che un tale &quot;verme&quot; creer\u00e0 una bellezza con ali setose.<\/p>\n<hr \/>\n<blockquote>\n<p style=\"text-align: center;\"><a href=\"https:\/\/pro-babochek.ru\/it\/vidibabochek\/\">Specie di farfalle<\/a>. <a href=\"https:\/\/pro-babochek.ru\/it\/cheshuekrylye\/\">Ordine Lepidotteri<\/a>.<\/p>\n<\/blockquote>\n<hr \/>\n<p>Puoi facilmente far emergere una farfalla da solo. Raccogli i bruchi, ma assicurati di catturare la pianta su cui li hai <img loading=\"lazy\" decoding=\"async\" class=\"alignright size-full wp-image-13\" src=\"https:\/\/pro-babochek.ru\/wp-content\/uploads\/2014\/04\/geltushka.jpg\" alt=\"Farfalla\" width=\"250\" height=\"184\" srcset=\"https:\/\/pro-babochek.ru\/wp-content\/uploads\/2014\/04\/geltushka.jpg 250w, https:\/\/pro-babochek.ru\/wp-content\/uploads\/2014\/04\/geltushka-80x60.jpg 80w\" sizes=\"auto, (max-width: 250px) 100vw, 250px\" \/>trovato, - i bruchi stravaganti non mangeranno altre foglie e moriranno. Mettili in un barattolo o in una scatola, ma non dimenticare che anche loro hanno bisogno di aria: lega il barattolo con una garza o fai dei piccoli fori nel coperchio della scatola.<\/p>\n<p>Le foglie, ovviamente, devono essere deposte fresche e dovrai ripulire dopo i bruchi. Dopotutto, hanno bisogno di crescere, mangiano quasi continuamente e talvolta mangiano pi\u00f9 in un giorno di quanto si pesino.<\/p>\n<p>Quando noti che i bruchi sono diventati un po&#039; pigri, non pensare che siano malati. Questo sta preparando la prima trasformazione miracolosa. Come accade \u00e8 molto difficile da seguire. Solo una mattina vedrai pupe immobili vestite di chitina al posto dei bruchi.<\/p>\n<p>Molte pupe sembrano mummie di farfalle: gambe piegate, antenne premute contro il corpo. E altre pupe non sembrano un bruco o una farfalla: tutto \u00e8 coperto di punte e escrescenze.<\/p>\n<p style=\"text-align: center;\"><img loading=\"lazy\" decoding=\"async\" class=\"aligncenter size-full wp-image-576\" src=\"https:\/\/pro-babochek.ru\/wp-content\/uploads\/2018\/10\/butterfly.jpg\" alt=\"Farfalla\" width=\"1200\" height=\"656\" srcset=\"https:\/\/pro-babochek.ru\/wp-content\/uploads\/2018\/10\/butterfly.jpg 1200w, https:\/\/pro-babochek.ru\/wp-content\/uploads\/2018\/10\/butterfly-330x180.jpg 330w, https:\/\/pro-babochek.ru\/wp-content\/uploads\/2018\/10\/butterfly-678x371.jpg 678w, https:\/\/pro-babochek.ru\/wp-content\/uploads\/2018\/10\/butterfly-300x164.jpg 300w, https:\/\/pro-babochek.ru\/wp-content\/uploads\/2018\/10\/butterfly-768x420.jpg 768w, https:\/\/pro-babochek.ru\/wp-content\/uploads\/2018\/10\/butterfly-1024x560.jpg 1024w\" sizes=\"auto, (max-width: 1200px) 100vw, 1200px\" \/><\/p>\n<p>Le pupe non mangiano n\u00e9 si muovono. Eppure in loro avviene una seconda trasformazione: si prepara il volo di una farfalla. Se sei fortunato, lo vedrai con i tuoi occhi.<\/p>\n<p>Qui si muove la crisalide. La copertura chitinosa scoppia e gradualmente la schiena, la testa e le gambe appaiono da essa. Della pupa rimane una copertura trasparente, rimangono anche i gusci delle antenne. Farfalla striscia fuori. E dove sono le ali lussuose? Invece di loro, ci sono ancora piccoli brandelli bagnati. Ma aspetta! Nell&#039;aria, presto si raddrizzeranno, brilleranno, brilleranno di colori vivaci.<\/p>\n<p style=\"text-align: center;\"><img loading=\"lazy\" decoding=\"async\" class=\"aligncenter size-full wp-image-595\" src=\"https:\/\/pro-babochek.ru\/wp-content\/uploads\/2019\/04\/babochka-raspravlyaet-krylya.jpg\" alt=\"spiega le sue ali\" width=\"1000\" height=\"545\" srcset=\"https:\/\/pro-babochek.ru\/wp-content\/uploads\/2019\/04\/babochka-raspravlyaet-krylya.jpg 1000w, https:\/\/pro-babochek.ru\/wp-content\/uploads\/2019\/04\/babochka-raspravlyaet-krylya-330x180.jpg 330w, https:\/\/pro-babochek.ru\/wp-content\/uploads\/2019\/04\/babochka-raspravlyaet-krylya-678x370.jpg 678w, https:\/\/pro-babochek.ru\/wp-content\/uploads\/2019\/04\/babochka-raspravlyaet-krylya-300x164.jpg 300w, https:\/\/pro-babochek.ru\/wp-content\/uploads\/2019\/04\/babochka-raspravlyaet-krylya-768x419.jpg 768w\" sizes=\"auto, (max-width: 1000px) 100vw, 1000px\" \/><\/p>\n<p>Abbiamo molte diverse ed eleganti farfalle nei prati. Siediti sull&#039;erba, seguili. E se vuoi catturare, prova in modo che la meravigliosa creazione pi\u00f9 sottile della natura non esca dalle tue mani paralizzata.<\/p>","protected":false},"excerpt":{"rendered":"<div class=\"mh-excerpt\"><p>\u0411\u0430\u0431\u043e\u0447\u043a\u0438 &#8212; \u043f\u0440\u0435\u043a\u0440\u0430\u0441\u043d\u044b\u0435 \u0441\u043e\u0437\u0434\u0430\u043d\u0438\u044f. \u0412\u043e\u0442 \u0441\u0435\u043b\u0430 \u043d\u0430 \u0446\u0432\u0435\u0442\u043e\u043a \u043f\u0435\u0441\u0442\u0440\u0430\u044f \u041a\u0440\u0430\u043f\u0438\u0432\u043d\u0438\u0446\u0430. \u0421\u0430\u043c\u043e \u0441\u043e\u0431\u043e\u0439, \u0432\u044b \u0442\u0443\u0442 \u0436\u0435 \u043d\u0430\u0447\u0438\u043d\u0430\u0435\u0442\u0435 \u043a \u043d\u0435\u0439 \u043f\u043e\u0434\u043a\u0440\u0430\u0434\u044b\u0432\u0430\u0442\u044c\u0441\u044f. \u0421\u0442\u0430\u0440\u0430\u0435\u0442\u0435\u0441\u044c \u0447\u0435\u043c-\u043d\u0438\u0431\u0443\u0434\u044c \u043d\u0430\u043a\u0440\u044b\u0442\u044c \u0435\u0435. \u0418 \u0435\u0441\u043b\u0438 \u0432\u0430\u043c \u044d\u0442\u043e \u0443\u0434\u0430\u0435\u0442\u0441\u044f, \u0431\u0435\u0440\u0435\u0442\u0435 \u0431\u0430\u0431\u043e\u0447\u043a\u0443 \u0437\u0430 \u043a\u0440\u044b\u043b\u044c\u044f, \u0442\u0440\u043e\u0433\u0430\u0435\u0442\u0435 \u0443\u0441\u0438\u043a\u0438, \u0441\u0432\u0435\u0440\u043d\u0443\u0442\u044b\u0439 <a class=\"mh-excerpt-more\" href=\"https:\/\/pro-babochek.ru\/it\/\" title=\"\u0411\u0430\u0431\u043e\u0447\u043a\u0438\">[&#8230;]<\/a><\/p>\n<\/div>","protected":false},"author":1,"featured_media":225,"parent":0,"menu_order":0,"comment_status":"closed","ping_status":"closed","template":"","meta":{"crb-meta-links":"","crb-meta-show":"","crb-meta-show-edited":"","crb-meta-use-manual":"off","footnotes":""},"class_list":["post-130","page","type-page","status-publish","has-post-thumbnail"],"yoast_head":"<title>\u0411\u0430\u0431\u043e\u0447\u043a\u0438<\/title>\n<meta name=\"description\" content=\"\u0411\u0430\u0431\u043e\u0447\u043a\u0438 \u0438 \u0432\u0441\u0435, \u0447\u0442\u043e \u0412\u044b \u0445\u043e\u0442\u0435\u043b\u0438 \u0443\u0437\u043d\u0430\u0442\u044c \u043f\u0440\u043e \u0431\u0430\u0431\u043e\u0447\u0435\u043a\" \/>\n<meta name=\"robots\" content=\"index, follow, max-snippet:-1, max-image-preview:large, max-video-preview:-1\" \/>\n<link rel=\"canonical\" href=\"https:\/\/pro-babochek.ru\/it\/\" \/>\n<meta property=\"og:locale\" content=\"it_IT\" \/>\n<meta property=\"og:type\" content=\"article\" \/>\n<meta property=\"og:title\" content=\"\u0411\u0430\u0431\u043e\u0447\u043a\u0438\" \/>\n<meta property=\"og:description\" content=\"\u0411\u0430\u0431\u043e\u0447\u043a\u0438 \u0438 \u0432\u0441\u0435, \u0447\u0442\u043e \u0412\u044b \u0445\u043e\u0442\u0435\u043b\u0438 \u0443\u0437\u043d\u0430\u0442\u044c \u043f\u0440\u043e \u0431\u0430\u0431\u043e\u0447\u0435\u043a\" \/>\n<meta property=\"og:url\" content=\"https:\/\/pro-babochek.ru\/it\/\" \/>\n<meta property=\"og:site_name\" content=\"\u041c\u0438\u0440 \u0431\u0430\u0431\u043e\u0447\u0435\u043a \u0438 \u0432\u0441\u0451 \u043e \u043d\u0438\u0445\" \/>\n<meta property=\"article:modified_time\" content=\"2023-05-05T01:18:07+00:00\" \/>\n<meta property=\"og:image\" content=\"https:\/\/pro-babochek.ru\/wp-content\/uploads\/2014\/04\/vse-babochki.jpg\" \/>\n\t<meta property=\"og:image:width\" content=\"750\" \/>\n\t<meta property=\"og:image:height\" content=\"424\" \/>\n\t<meta property=\"og:image:type\" content=\"image\/jpeg\" \/>\n<meta name=\"twitter:card\" content=\"summary_large_image\" \/>\n<script type=\"application\/ld+json\" class=\"yoast-schema-graph\">{\"@context\":\"https:\\\/\\\/schema.org\",\"@graph\":[{\"@type\":\"WebPage\",\"@id\":\"https:\\\/\\\/pro-babochek.ru\\\/\",\"url\":\"https:\\\/\\\/pro-babochek.ru\\\/\",\"name\":\"\u0411\u0430\u0431\u043e\u0447\u043a\u0438\",\"isPartOf\":{\"@id\":\"https:\\\/\\\/pro-babochek.ru\\\/#website\"},\"primaryImageOfPage\":{\"@id\":\"https:\\\/\\\/pro-babochek.ru\\\/#primaryimage\"},\"image\":{\"@id\":\"https:\\\/\\\/pro-babochek.ru\\\/#primaryimage\"},\"thumbnailUrl\":\"https:\\\/\\\/pro-babochek.ru\\\/wp-content\\\/uploads\\\/2014\\\/04\\\/vse-babochki.jpg\",\"datePublished\":\"2014-04-03T21:30:51+00:00\",\"dateModified\":\"2023-05-05T01:18:07+00:00\",\"description\":\"\u0411\u0430\u0431\u043e\u0447\u043a\u0438 \u0438 \u0432\u0441\u0435, \u0447\u0442\u043e \u0412\u044b \u0445\u043e\u0442\u0435\u043b\u0438 \u0443\u0437\u043d\u0430\u0442\u044c \u043f\u0440\u043e \u0431\u0430\u0431\u043e\u0447\u0435\u043a\",\"breadcrumb\":{\"@id\":\"https:\\\/\\\/pro-babochek.ru\\\/#breadcrumb\"},\"inLanguage\":\"it-IT\",\"potentialAction\":[{\"@type\":\"ReadAction\",\"target\":[\"https:\\\/\\\/pro-babochek.ru\\\/\"]}]},{\"@type\":\"ImageObject\",\"inLanguage\":\"it-IT\",\"@id\":\"https:\\\/\\\/pro-babochek.ru\\\/#primaryimage\",\"url\":\"https:\\\/\\\/pro-babochek.ru\\\/wp-content\\\/uploads\\\/2014\\\/04\\\/vse-babochki.jpg\",\"contentUrl\":\"https:\\\/\\\/pro-babochek.ru\\\/wp-content\\\/uploads\\\/2014\\\/04\\\/vse-babochki.jpg\",\"width\":750,\"height\":424,\"caption\":\"\u0444\u043e\u0442\u043e \u0431\u0430\u0431\u043e\u0447\u0435\u043a\"},{\"@type\":\"BreadcrumbList\",\"@id\":\"https:\\\/\\\/pro-babochek.ru\\\/#breadcrumb\",\"itemListElement\":[{\"@type\":\"ListItem\",\"position\":1,\"name\":\"\u0413\u043b\u0430\u0432\u043d\u0430\u044f \u0441\u0442\u0440\u0430\u043d\u0438\u0446\u0430\",\"item\":\"https:\\\/\\\/pro-babochek.ru\\\/\"},{\"@type\":\"ListItem\",\"position\":2,\"name\":\"\u0411\u0430\u0431\u043e\u0447\u043a\u0438\"}]},{\"@type\":\"WebSite\",\"@id\":\"https:\\\/\\\/pro-babochek.ru\\\/#website\",\"url\":\"https:\\\/\\\/pro-babochek.ru\\\/\",\"name\":\"\u041c\u0438\u0440 \u0431\u0430\u0431\u043e\u0447\u0435\u043a \u0438 \u0432\u0441\u0451 \u043e \u043d\u0438\u0445\",\"description\":\"\u041f\u0440\u043e \u0431\u0430\u0431\u043e\u0447\u0435\u043a\",\"potentialAction\":[{\"@type\":\"SearchAction\",\"target\":{\"@type\":\"EntryPoint\",\"urlTemplate\":\"https:\\\/\\\/pro-babochek.ru\\\/?s={search_term_string}\"},\"query-input\":{\"@type\":\"PropertyValueSpecification\",\"valueRequired\":true,\"valueName\":\"search_term_string\"}}],\"inLanguage\":\"it-IT\"}]}<\/script>","yoast_head_json":{"title":"farfalle","description":"Farfalle e tutto quello che volevi sapere sulle farfalle","robots":{"index":"index","follow":"follow","max-snippet":"max-snippet:-1","max-image-preview":"max-image-preview:large","max-video-preview":"max-video-preview:-1"},"canonical":"https:\/\/pro-babochek.ru\/it\/","og_locale":"it_IT","og_type":"article","og_title":"\u0411\u0430\u0431\u043e\u0447\u043a\u0438","og_description":"\u0411\u0430\u0431\u043e\u0447\u043a\u0438 \u0438 \u0432\u0441\u0435, \u0447\u0442\u043e \u0412\u044b \u0445\u043e\u0442\u0435\u043b\u0438 \u0443\u0437\u043d\u0430\u0442\u044c \u043f\u0440\u043e \u0431\u0430\u0431\u043e\u0447\u0435\u043a","og_url":"https:\/\/pro-babochek.ru\/it\/","og_site_name":"\u041c\u0438\u0440 \u0431\u0430\u0431\u043e\u0447\u0435\u043a \u0438 \u0432\u0441\u0451 \u043e \u043d\u0438\u0445","article_modified_time":"2023-05-05T01:18:07+00:00","og_image":[{"width":750,"height":424,"url":"https:\/\/pro-babochek.ru\/wp-content\/uploads\/2014\/04\/vse-babochki.jpg","type":"image\/jpeg"}],"twitter_card":"summary_large_image","schema":{"@context":"https:\/\/schema.org","@graph":[{"@type":"WebPage","@id":"https:\/\/pro-babochek.ru\/","url":"https:\/\/pro-babochek.ru\/","name":"farfalle","isPartOf":{"@id":"https:\/\/pro-babochek.ru\/#website"},"primaryImageOfPage":{"@id":"https:\/\/pro-babochek.ru\/#primaryimage"},"image":{"@id":"https:\/\/pro-babochek.ru\/#primaryimage"},"thumbnailUrl":"https:\/\/pro-babochek.ru\/wp-content\/uploads\/2014\/04\/vse-babochki.jpg","datePublished":"2014-04-03T21:30:51+00:00","dateModified":"2023-05-05T01:18:07+00:00","description":"Farfalle e tutto quello che volevi sapere sulle farfalle","breadcrumb":{"@id":"https:\/\/pro-babochek.ru\/#breadcrumb"},"inLanguage":"it-IT","potentialAction":[{"@type":"ReadAction","target":["https:\/\/pro-babochek.ru\/"]}]},{"@type":"ImageObject","inLanguage":"it-IT","@id":"https:\/\/pro-babochek.ru\/#primaryimage","url":"https:\/\/pro-babochek.ru\/wp-content\/uploads\/2014\/04\/vse-babochki.jpg","contentUrl":"https:\/\/pro-babochek.ru\/wp-content\/uploads\/2014\/04\/vse-babochki.jpg","width":750,"height":424,"caption":"\u0444\u043e\u0442\u043e \u0431\u0430\u0431\u043e\u0447\u0435\u043a"},{"@type":"BreadcrumbList","@id":"https:\/\/pro-babochek.ru\/#breadcrumb","itemListElement":[{"@type":"ListItem","position":1,"name":"\u0413\u043b\u0430\u0432\u043d\u0430\u044f \u0441\u0442\u0440\u0430\u043d\u0438\u0446\u0430","item":"https:\/\/pro-babochek.ru\/"},{"@type":"ListItem","position":2,"name":"\u0411\u0430\u0431\u043e\u0447\u043a\u0438"}]},{"@type":"WebSite","@id":"https:\/\/pro-babochek.ru\/#website","url":"https:\/\/pro-babochek.ru\/","name":"Il mondo delle farfalle e tutto ci\u00f2 che le riguarda","description":"A proposito di farfalle","potentialAction":[{"@type":"SearchAction","target":{"@type":"EntryPoint","urlTemplate":"https:\/\/pro-babochek.ru\/?s={search_term_string}"},"query-input":{"@type":"PropertyValueSpecification","valueRequired":true,"valueName":"search_term_string"}}],"inLanguage":"it-IT"}]}},"_links":{"self":[{"href":"https:\/\/pro-babochek.ru\/it\/wp-json\/wp\/v2\/pages\/130","targetHints":{"allow":["GET"]}}],"collection":[{"href":"https:\/\/pro-babochek.ru\/it\/wp-json\/wp\/v2\/pages"}],"about":[{"href":"https:\/\/pro-babochek.ru\/it\/wp-json\/wp\/v2\/types\/page"}],"author":[{"embeddable":true,"href":"https:\/\/pro-babochek.ru\/it\/wp-json\/wp\/v2\/users\/1"}],"replies":[{"embeddable":true,"href":"https:\/\/pro-babochek.ru\/it\/wp-json\/wp\/v2\/comments?post=130"}],"version-history":[{"count":0,"href":"https:\/\/pro-babochek.ru\/it\/wp-json\/wp\/v2\/pages\/130\/revisions"}],"wp:featuredmedia":[{"embeddable":true,"href":"https:\/\/pro-babochek.ru\/it\/wp-json\/wp\/v2\/media\/225"}],"wp:attachment":[{"href":"https:\/\/pro-babochek.ru\/it\/wp-json\/wp\/v2\/media?parent=130"}],"curies":[{"name":"parola chiave","href":"https:\/\/api.w.org\/{rel}","templated":true}]}}