{"id":29304,"date":"2025-04-10T04:35:03","date_gmt":"2025-04-10T00:35:03","guid":{"rendered":"https:\/\/pro-babochek.ru\/?page_id=29304"},"modified":"2026-02-04T17:53:37","modified_gmt":"2026-02-04T13:53:37","slug":"um","status":"publish","type":"page","link":"https:\/\/pro-babochek.ru\/de\/um","title":{"rendered":"\u00dcber die Website"},"content":{"rendered":"<p>Willkommen bei pro-babochek.ru \u2013 Ihrem Online-Portal, das der erstaunlichen und zerbrechlichen Welt der Schmetterlinge gewidmet ist! Wir hei\u00dfen jeden willkommen, der unsere Leidenschaft f\u00fcr diese unglaublichen Kreaturen teilt oder gerade erst beginnt, ihre Sch\u00f6nheit zu entdecken.<!--more--><\/p>\n<h2>Unsere Mission<\/h2>\n<p>Wir haben diese Site erstellt, um interessante und zuverl\u00e4ssige Informationen \u00fcber Schmetterlinge zu sammeln und zu systematisieren. Unser Ziel ist es, Sie nicht nur \u00fcber die Artenvielfalt zu informieren, sondern Sie auch zu einem verantwortungsvollen Umgang mit der Natur zu inspirieren, die Einzigartigkeit jedes gefl\u00fcgelten Lebewesens aufzuzeigen und Sie vielleicht dazu zu ermutigen, eine eigene Schmetterlingsecke im Garten einzurichten.<\/p>\n<h2>Was finden Sie auf unserer Website?<\/h2>\n<p>Wir arbeiten st\u00e4ndig daran, die Site zu f\u00fcllen und sind bestrebt, sie so n\u00fctzlich und spannend wie m\u00f6glich zu gestalten. Hier finden Sie:<\/p>\n<ul>\n<li>Detaillierte Beschreibungen von Schmetterlingsarten, die in Russland und anderen Regionen der Welt vorkommen.<\/li>\n<li>Hochwertige Fotos und Illustrationen, die es Ihnen erm\u00f6glichen, Schmetterlinge in ihrer ganzen Pracht zu sehen.<\/li>\n<li>Informationen zum Lebenszyklus von Schmetterlingen: vom Ei und der Raupe zur Puppe und zum erwachsenen Tier.<\/li>\n<li>Artikel \u00fcber \u00d6kologie, Lebensweise, Migration und Schutz von Schmetterlingen.<\/li>\n<li>Tipps zum Beobachten und Fotografieren von Schmetterlingen in der freien Natur.<\/li>\n<li>Ideen zur Gestaltung eines schmetterlingsfreundlichen Gartens (Schmetterlingsgarten).<\/li>\n<\/ul>\n<h2>Unser Ansatz<\/h2>\n<p>Bei unserer Arbeit orientieren wir uns an mehreren Grundprinzipien:<\/p>\n<table>\n<thead>\n<tr>\n<th>Unser Prinzip<\/th>\n<th>Was bedeutet das f\u00fcr Sie?<\/th>\n<\/tr>\n<\/thead>\n<tbody>\n<tr>\n<td>Zuverl\u00e4ssigkeit und Relevanz<\/td>\n<td>Wir sind bestrebt, gepr\u00fcfte Informationen auf der Grundlage wissenschaftlicher Daten und Expertenerfahrung bereitzustellen und die Inhalte regelm\u00e4\u00dfig zu aktualisieren.<\/td>\n<\/tr>\n<tr>\n<td>Leidenschaft und Inspiration<\/td>\n<td>Wir lieben die Welt der Schmetterlinge wirklich und m\u00f6chten diese Liebe mit Ihnen teilen, indem wir Informationen auf eine Weise pr\u00e4sentieren, die nicht nur lehrreich, sondern auch unterhaltsam ist.<\/td>\n<\/tr>\n<\/tbody>\n<\/table>\n<h2>Begleiten Sie uns!<\/h2>\n<p>Die Welt der Schmetterlinge ist riesig und h\u00e4lt immer wieder \u00dcberraschungen bereit. Wir laden Sie ein, es gemeinsam mit uns zu erkunden! Studieren Sie die Site-Materialien, teilen Sie Ihre Beobachtungen und Fotos (sofern eine solche M\u00f6glichkeit besteht) und stellen Sie Fragen.<\/p>\n<p>Vielen Dank, dass Sie bei uns sind! Wir hoffen, dass die Site pro-babochek.ru Ihr zuverl\u00e4ssiger F\u00fchrer in die magische Welt der Schmetterlingskunde wird.<\/p>","protected":false},"excerpt":{"rendered":"<div class=\"mh-excerpt\"><p>Willkommen bei pro-babochek.ru \u2013 Ihrem Online-Portal, das der erstaunlichen und zerbrechlichen Welt der Schmetterlinge gewidmet ist! Wir hei\u00dfen jeden willkommen, der unsere Leidenschaft f\u00fcr diese unglaublichen Kreaturen teilt oder gerade erst beginnt, ihre Sch\u00f6nheit zu entdecken.<\/p>\n<\/div>","protected":false},"author":1,"featured_media":0,"parent":0,"menu_order":0,"comment_status":"closed","ping_status":"closed","template":"","meta":{"crb-meta-links":"","crb-meta-show":"","crb-meta-show-edited":"","crb-meta-use-manual":"off","footnotes":""},"class_list":["post-29304","page","type-page","status-publish"],"yoast_head":"<title>\u041e \u0441\u0430\u0439\u0442\u0435 - \u041c\u0438\u0440 \u0431\u0430\u0431\u043e\u0447\u0435\u043a \u0438 \u0432\u0441\u0451 \u043e \u043d\u0438\u0445 \u041e \u0441\u0430\u0439\u0442\u0435 pro-babochek.ru \u2013 \u0423\u0437\u043d\u0430\u0439\u0442\u0435 \u0432\u0441\u0451 \u043e \u043c\u0438\u0440\u0435 \u0431\u0430\u0431\u043e\u0447\u0435\u043a<\/title>\n<meta name=\"description\" content=\"\u0423\u0437\u043d\u0430\u0439\u0442\u0435 \u043e \u043c\u0438\u0441\u0441\u0438\u0438 \u0438 \u043a\u043e\u043c\u0430\u043d\u0434\u0435 \u0441\u0430\u0439\u0442\u0430 pro-babochek.ru. \u041c\u044b \u0434\u0435\u043b\u0438\u043c\u0441\u044f \u0437\u043d\u0430\u043d\u0438\u044f\u043c\u0438, \u0444\u043e\u0442\u043e\u0433\u0440\u0430\u0444\u0438\u044f\u043c\u0438 \u0438 \u043b\u044e\u0431\u043e\u0432\u044c\u044e \u043a \u0443\u0434\u0438\u0432\u0438\u0442\u0435\u043b\u044c\u043d\u043e\u043c\u0443 \u043c\u0438\u0440\u0443 \u0431\u0430\u0431\u043e\u0447\u0435\u043a. \u0412\u0430\u0448 \u0433\u0438\u0434 \u043f\u043e \u043b\u0435\u043f\u0438\u0434\u043e\u043f\u0442\u0435\u0440\u043e\u043b\u043e\u0433\u0438\u0438.\" \/>\n<meta name=\"robots\" content=\"index, follow, max-snippet:-1, max-image-preview:large, max-video-preview:-1\" \/>\n<link rel=\"canonical\" href=\"https:\/\/pro-babochek.ru\/de\/um\" \/>\n<meta property=\"og:locale\" content=\"de_DE\" \/>\n<meta property=\"og:type\" content=\"article\" \/>\n<meta property=\"og:title\" content=\"\u041e \u0441\u0430\u0439\u0442\u0435 - \u041c\u0438\u0440 \u0431\u0430\u0431\u043e\u0447\u0435\u043a \u0438 \u0432\u0441\u0451 \u043e \u043d\u0438\u0445 \u041e \u0441\u0430\u0439\u0442\u0435 pro-babochek.ru \u2013 \u0423\u0437\u043d\u0430\u0439\u0442\u0435 \u0432\u0441\u0451 \u043e \u043c\u0438\u0440\u0435 \u0431\u0430\u0431\u043e\u0447\u0435\u043a\" \/>\n<meta property=\"og:description\" content=\"\u0423\u0437\u043d\u0430\u0439\u0442\u0435 \u043e \u043c\u0438\u0441\u0441\u0438\u0438 \u0438 \u043a\u043e\u043c\u0430\u043d\u0434\u0435 \u0441\u0430\u0439\u0442\u0430 pro-babochek.ru. \u041c\u044b \u0434\u0435\u043b\u0438\u043c\u0441\u044f \u0437\u043d\u0430\u043d\u0438\u044f\u043c\u0438, \u0444\u043e\u0442\u043e\u0433\u0440\u0430\u0444\u0438\u044f\u043c\u0438 \u0438 \u043b\u044e\u0431\u043e\u0432\u044c\u044e \u043a \u0443\u0434\u0438\u0432\u0438\u0442\u0435\u043b\u044c\u043d\u043e\u043c\u0443 \u043c\u0438\u0440\u0443 \u0431\u0430\u0431\u043e\u0447\u0435\u043a. \u0412\u0430\u0448 \u0433\u0438\u0434 \u043f\u043e \u043b\u0435\u043f\u0438\u0434\u043e\u043f\u0442\u0435\u0440\u043e\u043b\u043e\u0433\u0438\u0438.\" \/>\n<meta property=\"og:url\" content=\"https:\/\/pro-babochek.ru\/de\/um\" \/>\n<meta property=\"og:site_name\" content=\"\u041c\u0438\u0440 \u0431\u0430\u0431\u043e\u0447\u0435\u043a \u0438 \u0432\u0441\u0451 \u043e \u043d\u0438\u0445\" \/>\n<meta property=\"article:modified_time\" content=\"2026-02-04T13:53:37+00:00\" \/>\n<meta property=\"og:image\" content=\"https:\/\/pro-babochek.ru\/wp-content\/uploads\/2018\/10\/butterfly.jpg\" \/>\n\t<meta property=\"og:image:width\" content=\"1200\" \/>\n\t<meta property=\"og:image:height\" content=\"656\" \/>\n\t<meta property=\"og:image:type\" content=\"image\/jpeg\" \/>\n<meta name=\"twitter:card\" content=\"summary_large_image\" \/>\n<script type=\"application\/ld+json\" class=\"yoast-schema-graph\">{\"@context\":\"https:\\\/\\\/schema.org\",\"@graph\":[{\"@type\":\"WebPage\",\"@id\":\"https:\\\/\\\/pro-babochek.ru\\\/about\",\"url\":\"https:\\\/\\\/pro-babochek.ru\\\/about\",\"name\":\"\u041e \u0441\u0430\u0439\u0442\u0435 - \u041c\u0438\u0440 \u0431\u0430\u0431\u043e\u0447\u0435\u043a \u0438 \u0432\u0441\u0451 \u043e \u043d\u0438\u0445 \u041e \u0441\u0430\u0439\u0442\u0435 pro-babochek.ru \u2013 \u0423\u0437\u043d\u0430\u0439\u0442\u0435 \u0432\u0441\u0451 \u043e \u043c\u0438\u0440\u0435 \u0431\u0430\u0431\u043e\u0447\u0435\u043a\",\"isPartOf\":{\"@id\":\"https:\\\/\\\/pro-babochek.ru\\\/#website\"},\"datePublished\":\"2025-04-10T00:35:03+00:00\",\"dateModified\":\"2026-02-04T13:53:37+00:00\",\"description\":\"\u0423\u0437\u043d\u0430\u0439\u0442\u0435 \u043e \u043c\u0438\u0441\u0441\u0438\u0438 \u0438 \u043a\u043e\u043c\u0430\u043d\u0434\u0435 \u0441\u0430\u0439\u0442\u0430 pro-babochek.ru. \u041c\u044b \u0434\u0435\u043b\u0438\u043c\u0441\u044f \u0437\u043d\u0430\u043d\u0438\u044f\u043c\u0438, \u0444\u043e\u0442\u043e\u0433\u0440\u0430\u0444\u0438\u044f\u043c\u0438 \u0438 \u043b\u044e\u0431\u043e\u0432\u044c\u044e \u043a \u0443\u0434\u0438\u0432\u0438\u0442\u0435\u043b\u044c\u043d\u043e\u043c\u0443 \u043c\u0438\u0440\u0443 \u0431\u0430\u0431\u043e\u0447\u0435\u043a. \u0412\u0430\u0448 \u0433\u0438\u0434 \u043f\u043e \u043b\u0435\u043f\u0438\u0434\u043e\u043f\u0442\u0435\u0440\u043e\u043b\u043e\u0433\u0438\u0438.\",\"breadcrumb\":{\"@id\":\"https:\\\/\\\/pro-babochek.ru\\\/about#breadcrumb\"},\"inLanguage\":\"de\",\"potentialAction\":[{\"@type\":\"ReadAction\",\"target\":[\"https:\\\/\\\/pro-babochek.ru\\\/about\"]}]},{\"@type\":\"BreadcrumbList\",\"@id\":\"https:\\\/\\\/pro-babochek.ru\\\/about#breadcrumb\",\"itemListElement\":[{\"@type\":\"ListItem\",\"position\":1,\"name\":\"\u0413\u043b\u0430\u0432\u043d\u0430\u044f \u0441\u0442\u0440\u0430\u043d\u0438\u0446\u0430\",\"item\":\"https:\\\/\\\/pro-babochek.ru\\\/\"},{\"@type\":\"ListItem\",\"position\":2,\"name\":\"\u041e \u0441\u0430\u0439\u0442\u0435\"}]},{\"@type\":\"WebSite\",\"@id\":\"https:\\\/\\\/pro-babochek.ru\\\/#website\",\"url\":\"https:\\\/\\\/pro-babochek.ru\\\/\",\"name\":\"\u041c\u0438\u0440 \u0431\u0430\u0431\u043e\u0447\u0435\u043a \u0438 \u0432\u0441\u0451 \u043e \u043d\u0438\u0445\",\"description\":\"\u041f\u0440\u043e \u0431\u0430\u0431\u043e\u0447\u0435\u043a\",\"potentialAction\":[{\"@type\":\"SearchAction\",\"target\":{\"@type\":\"EntryPoint\",\"urlTemplate\":\"https:\\\/\\\/pro-babochek.ru\\\/?s={search_term_string}\"},\"query-input\":{\"@type\":\"PropertyValueSpecification\",\"valueRequired\":true,\"valueName\":\"search_term_string\"}}],\"inLanguage\":\"de\"}]}<\/script>","yoast_head_json":{"title":"\u00dcber die Website - Die Welt der Schmetterlinge und alles \u00fcber sie \u00dcber die Website pro-babochek.ru \u2013 Erfahren Sie alles \u00fcber die Welt der Schmetterlinge","description":"Informieren Sie sich \u00fcber die Mission und das Team der Website pro-babochek.ru. Wir teilen Wissen, Fotos und Liebe zur erstaunlichen Welt der Schmetterlinge. Ihr Leitfaden zur Schmetterlingskunde.","robots":{"index":"index","follow":"follow","max-snippet":"max-snippet:-1","max-image-preview":"max-image-preview:large","max-video-preview":"max-video-preview:-1"},"canonical":"https:\/\/pro-babochek.ru\/de\/um","og_locale":"de_DE","og_type":"article","og_title":"\u041e \u0441\u0430\u0439\u0442\u0435 - \u041c\u0438\u0440 \u0431\u0430\u0431\u043e\u0447\u0435\u043a \u0438 \u0432\u0441\u0451 \u043e \u043d\u0438\u0445 \u041e \u0441\u0430\u0439\u0442\u0435 pro-babochek.ru \u2013 \u0423\u0437\u043d\u0430\u0439\u0442\u0435 \u0432\u0441\u0451 \u043e \u043c\u0438\u0440\u0435 \u0431\u0430\u0431\u043e\u0447\u0435\u043a","og_description":"\u0423\u0437\u043d\u0430\u0439\u0442\u0435 \u043e \u043c\u0438\u0441\u0441\u0438\u0438 \u0438 \u043a\u043e\u043c\u0430\u043d\u0434\u0435 \u0441\u0430\u0439\u0442\u0430 pro-babochek.ru. \u041c\u044b \u0434\u0435\u043b\u0438\u043c\u0441\u044f \u0437\u043d\u0430\u043d\u0438\u044f\u043c\u0438, \u0444\u043e\u0442\u043e\u0433\u0440\u0430\u0444\u0438\u044f\u043c\u0438 \u0438 \u043b\u044e\u0431\u043e\u0432\u044c\u044e \u043a \u0443\u0434\u0438\u0432\u0438\u0442\u0435\u043b\u044c\u043d\u043e\u043c\u0443 \u043c\u0438\u0440\u0443 \u0431\u0430\u0431\u043e\u0447\u0435\u043a. \u0412\u0430\u0448 \u0433\u0438\u0434 \u043f\u043e \u043b\u0435\u043f\u0438\u0434\u043e\u043f\u0442\u0435\u0440\u043e\u043b\u043e\u0433\u0438\u0438.","og_url":"https:\/\/pro-babochek.ru\/de\/um","og_site_name":"\u041c\u0438\u0440 \u0431\u0430\u0431\u043e\u0447\u0435\u043a \u0438 \u0432\u0441\u0451 \u043e \u043d\u0438\u0445","article_modified_time":"2026-02-04T13:53:37+00:00","og_image":[{"width":1200,"height":656,"url":"https:\/\/pro-babochek.ru\/wp-content\/uploads\/2018\/10\/butterfly.jpg","type":"image\/jpeg"}],"twitter_card":"summary_large_image","schema":{"@context":"https:\/\/schema.org","@graph":[{"@type":"WebPage","@id":"https:\/\/pro-babochek.ru\/about","url":"https:\/\/pro-babochek.ru\/about","name":"\u00dcber die Website - Die Welt der Schmetterlinge und alles \u00fcber sie \u00dcber die Website pro-babochek.ru \u2013 Erfahren Sie alles \u00fcber die Welt der Schmetterlinge","isPartOf":{"@id":"https:\/\/pro-babochek.ru\/#website"},"datePublished":"2025-04-10T00:35:03+00:00","dateModified":"2026-02-04T13:53:37+00:00","description":"Informieren Sie sich \u00fcber die Mission und das Team der Website pro-babochek.ru. Wir teilen Wissen, Fotos und Liebe zur erstaunlichen Welt der Schmetterlinge. Ihr Leitfaden zur Schmetterlingskunde.","breadcrumb":{"@id":"https:\/\/pro-babochek.ru\/about#breadcrumb"},"inLanguage":"de","potentialAction":[{"@type":"ReadAction","target":["https:\/\/pro-babochek.ru\/about"]}]},{"@type":"BreadcrumbList","@id":"https:\/\/pro-babochek.ru\/about#breadcrumb","itemListElement":[{"@type":"ListItem","position":1,"name":"\u0413\u043b\u0430\u0432\u043d\u0430\u044f \u0441\u0442\u0440\u0430\u043d\u0438\u0446\u0430","item":"https:\/\/pro-babochek.ru\/"},{"@type":"ListItem","position":2,"name":"\u041e \u0441\u0430\u0439\u0442\u0435"}]},{"@type":"WebSite","@id":"https:\/\/pro-babochek.ru\/#website","url":"https:\/\/pro-babochek.ru\/","name":"Die Welt der Schmetterlinge und alles rund um sie","description":"\u00dcber Schmetterlinge","potentialAction":[{"@type":"SearchAction","target":{"@type":"EntryPoint","urlTemplate":"https:\/\/pro-babochek.ru\/?s={search_term_string}"},"query-input":{"@type":"PropertyValueSpecification","valueRequired":true,"valueName":"search_term_string"}}],"inLanguage":"de"}]}},"_links":{"self":[{"href":"https:\/\/pro-babochek.ru\/de\/wp-json\/wp\/v2\/pages\/29304","targetHints":{"allow":["GET"]}}],"collection":[{"href":"https:\/\/pro-babochek.ru\/de\/wp-json\/wp\/v2\/pages"}],"about":[{"href":"https:\/\/pro-babochek.ru\/de\/wp-json\/wp\/v2\/types\/page"}],"author":[{"embeddable":true,"href":"https:\/\/pro-babochek.ru\/de\/wp-json\/wp\/v2\/users\/1"}],"replies":[{"embeddable":true,"href":"https:\/\/pro-babochek.ru\/de\/wp-json\/wp\/v2\/comments?post=29304"}],"version-history":[{"count":0,"href":"https:\/\/pro-babochek.ru\/de\/wp-json\/wp\/v2\/pages\/29304\/revisions"}],"wp:attachment":[{"href":"https:\/\/pro-babochek.ru\/de\/wp-json\/wp\/v2\/media?parent=29304"}],"curies":[{"name":"wp","href":"https:\/\/api.w.org\/{rel}","templated":true}]}}