{"id":130,"date":"2014-04-04T01:30:51","date_gmt":"2014-04-03T21:30:51","guid":{"rendered":"https:\/\/pro-babochek.ru\/?page_id=130"},"modified":"2023-05-05T05:18:07","modified_gmt":"2023-05-05T01:18:07","slug":"schmetterlinge","status":"publish","type":"page","link":"https:\/\/pro-babochek.ru\/de\/","title":{"rendered":"Schmetterlinge"},"content":{"rendered":"<p>Schmetterlinge sind wundersch\u00f6ne Gesch\u00f6pfe. Hier sitzt eine bunte Brennnessel auf einer Bl\u00fcte. Nat\u00fcrlich f\u00e4ngst du sofort an, dich an sie heranzuschleichen. Du versuchst es mit etwas zu bedecken. Und wenn Sie Erfolg haben, packen Sie den Schmetterling bei den Fl\u00fcgeln, ber\u00fchren Sie die F\u00fchler, den gewundenen R\u00fcssel. Und dann wirfst du es weg \u2013 wof\u00fcr brauchst du es?<!--more--><\/p>\n<p><img loading=\"lazy\" decoding=\"async\" class=\"aligncenter size-full wp-image-225\" src=\"https:\/\/pro-babochek.ru\/wp-content\/uploads\/2014\/04\/vse-babochki.jpg\" alt=\"Foto von Schmetterlingen\" width=\"750\" height=\"424\" srcset=\"https:\/\/pro-babochek.ru\/wp-content\/uploads\/2014\/04\/vse-babochki.jpg 750w, https:\/\/pro-babochek.ru\/wp-content\/uploads\/2014\/04\/vse-babochki-330x187.jpg 330w, https:\/\/pro-babochek.ru\/wp-content\/uploads\/2014\/04\/vse-babochki-678x383.jpg 678w, https:\/\/pro-babochek.ru\/wp-content\/uploads\/2014\/04\/vse-babochki-300x170.jpg 300w\" sizes=\"auto, (max-width: 750px) 100vw, 750px\" \/><\/p>\n<p>Doch der Schmetterling kann nicht mehr fliegen, er gleitet irgendwie schr\u00e4g nach unten und schl\u00e4gt hilflos auf den Boden. Seine samtig hellen Fl\u00fcgel sind ausgefranst, das Muster ist gel\u00f6scht, die Basis des Fl\u00fcgels, durchsichtig wie Glimmer, ist sichtbar ... Der Schmetterling ist zum Tode verurteilt.<\/p>\n<p>Es ist viel interessanter, Schmetterlinge zu beobachten, ohne sie zu besch\u00e4digen. Schlie\u00dflich handelt es sich um ein Insekt mit einer \u201evollst\u00e4ndigen Transformation\u201c. Bei einer Kakerlake zum Beispiel oder bei einer Heuschrecke schl\u00fcpft sofort eine winzige Kakerlake oder Heuschrecke aus dem Ei. Aber die Raupe, aus der der Schmetterling hervorgehen wird, ist ihr v\u00f6llig un\u00e4hnlich. Ich kann nicht einmal glauben, dass solch ein \u201eWurm\u201c eine Sch\u00f6nheit mit seidenen Fl\u00fcgeln hervorbringen wird.<\/p>\n<hr \/>\n<blockquote>\n<p style=\"text-align: center;\"><a href=\"https:\/\/pro-babochek.ru\/de\/vidibabochek\/\">Schmetterlingsarten<\/a>. <a href=\"https:\/\/pro-babochek.ru\/de\/cheshuekrylye\/\">Bestellen Sie Lepidoptera<\/a>.<\/p>\n<\/blockquote>\n<hr \/>\n<p>Sie k\u00f6nnen einen Schmetterling ganz einfach selbst hervorholen. Sammeln Sie die Raupen ein, aber achten Sie darauf, die Pflanze einzufangen, auf der Sie sie haben <img loading=\"lazy\" decoding=\"async\" class=\"alignright size-full wp-image-13\" src=\"https:\/\/pro-babochek.ru\/wp-content\/uploads\/2014\/04\/geltushka.jpg\" alt=\"Schmetterling\" width=\"250\" height=\"184\" srcset=\"https:\/\/pro-babochek.ru\/wp-content\/uploads\/2014\/04\/geltushka.jpg 250w, https:\/\/pro-babochek.ru\/wp-content\/uploads\/2014\/04\/geltushka-80x60.jpg 80w\" sizes=\"auto, (max-width: 250px) 100vw, 250px\" \/>gefunden, fressen die skurrilen Raupen keine anderen Bl\u00e4tter und sterben. Legen Sie sie in ein Glas oder eine Schachtel, aber vergessen Sie nicht, dass sie auch Luft brauchen: Binden Sie das Glas mit Gaze zu oder stanzen Sie kleine L\u00f6cher in den Deckel der Schachtel.<\/p>\n<p>Die Bl\u00e4tter m\u00fcssen nat\u00fcrlich frisch gelegt werden und Sie m\u00fcssen nach den Raupen aufr\u00e4umen. Schlie\u00dflich m\u00fcssen sie wachsen, sie fressen fast ununterbrochen und manchmal mehr am Tag, als sie wiegen.<\/p>\n<p>Wenn Sie bemerken, dass die Raupen etwas faul geworden sind, denken Sie nicht, dass sie krank sind. Dies bereitet die erste wundersame Transformation vor. Es ist sehr schwer zu verfolgen, wie es geschieht. Nur eines Morgens werden Sie statt Raupen regungslose Puppen sehen, die mit Chitin bekleidet sind.<\/p>\n<p>Viele Puppen sehen aus wie Schmetterlingsmumien \u2013 gefaltete Beine, an den K\u00f6rper gedr\u00fcckte F\u00fchler. Und andere Puppen sehen nicht wie eine Raupe oder ein Schmetterling aus \u2013 alles ist mit Stacheln und Ausw\u00fcchsen bedeckt.<\/p>\n<p style=\"text-align: center;\"><img loading=\"lazy\" decoding=\"async\" class=\"aligncenter size-full wp-image-576\" src=\"https:\/\/pro-babochek.ru\/wp-content\/uploads\/2018\/10\/butterfly.jpg\" alt=\"Schmetterling\" width=\"1200\" height=\"656\" srcset=\"https:\/\/pro-babochek.ru\/wp-content\/uploads\/2018\/10\/butterfly.jpg 1200w, https:\/\/pro-babochek.ru\/wp-content\/uploads\/2018\/10\/butterfly-330x180.jpg 330w, https:\/\/pro-babochek.ru\/wp-content\/uploads\/2018\/10\/butterfly-678x371.jpg 678w, https:\/\/pro-babochek.ru\/wp-content\/uploads\/2018\/10\/butterfly-300x164.jpg 300w, https:\/\/pro-babochek.ru\/wp-content\/uploads\/2018\/10\/butterfly-768x420.jpg 768w, https:\/\/pro-babochek.ru\/wp-content\/uploads\/2018\/10\/butterfly-1024x560.jpg 1024w\" sizes=\"auto, (max-width: 1200px) 100vw, 1200px\" \/><\/p>\n<p>Die Puppen fressen und bewegen sich nicht. Und doch vollzieht sich in ihnen eine zweite Verwandlung: Der Flug eines Schmetterlings bereitet sich vor. Wenn Sie Gl\u00fcck haben, k\u00f6nnen Sie es mit eigenen Augen sehen.<\/p>\n<p>Hier bewegt sich die Puppe. Die Chitinh\u00fclle platzt und nach und nach erscheinen daraus R\u00fccken, Kopf und Beine. Von der Puppe bleibt eine durchsichtige H\u00fclle \u00fcbrig, sogar die F\u00fchlerschalen bleiben erhalten. Schmetterling kriecht heraus. Und wo sind die luxuri\u00f6sen Fl\u00fcgel? Stattdessen liegen noch nasse kleine Fetzen herum. Aber warte! In der Luft werden sie sich bald aufrichten, leuchten und in leuchtenden Farben funkeln.<\/p>\n<p style=\"text-align: center;\"><img loading=\"lazy\" decoding=\"async\" class=\"aligncenter size-full wp-image-595\" src=\"https:\/\/pro-babochek.ru\/wp-content\/uploads\/2019\/04\/babochka-raspravlyaet-krylya.jpg\" alt=\"breitet seine Fl\u00fcgel aus\" width=\"1000\" height=\"545\" srcset=\"https:\/\/pro-babochek.ru\/wp-content\/uploads\/2019\/04\/babochka-raspravlyaet-krylya.jpg 1000w, https:\/\/pro-babochek.ru\/wp-content\/uploads\/2019\/04\/babochka-raspravlyaet-krylya-330x180.jpg 330w, https:\/\/pro-babochek.ru\/wp-content\/uploads\/2019\/04\/babochka-raspravlyaet-krylya-678x370.jpg 678w, https:\/\/pro-babochek.ru\/wp-content\/uploads\/2019\/04\/babochka-raspravlyaet-krylya-300x164.jpg 300w, https:\/\/pro-babochek.ru\/wp-content\/uploads\/2019\/04\/babochka-raspravlyaet-krylya-768x419.jpg 768w\" sizes=\"auto, (max-width: 1000px) 100vw, 1000px\" \/><\/p>\n<p>Wir haben viele verschiedene elegante Schmetterlinge auf den Wiesen. Setz dich ins Gras und folge ihnen. Und wenn Sie fangen wollen, versuchen Sie es, damit Ihnen die wunderbare, subtilste Sch\u00f6pfung der Natur nicht verkr\u00fcppelt aus den H\u00e4nden geht.<\/p>","protected":false},"excerpt":{"rendered":"<div class=\"mh-excerpt\"><p>\u0411\u0430\u0431\u043e\u0447\u043a\u0438 &#8212; \u043f\u0440\u0435\u043a\u0440\u0430\u0441\u043d\u044b\u0435 \u0441\u043e\u0437\u0434\u0430\u043d\u0438\u044f. \u0412\u043e\u0442 \u0441\u0435\u043b\u0430 \u043d\u0430 \u0446\u0432\u0435\u0442\u043e\u043a \u043f\u0435\u0441\u0442\u0440\u0430\u044f \u041a\u0440\u0430\u043f\u0438\u0432\u043d\u0438\u0446\u0430. \u0421\u0430\u043c\u043e \u0441\u043e\u0431\u043e\u0439, \u0432\u044b \u0442\u0443\u0442 \u0436\u0435 \u043d\u0430\u0447\u0438\u043d\u0430\u0435\u0442\u0435 \u043a \u043d\u0435\u0439 \u043f\u043e\u0434\u043a\u0440\u0430\u0434\u044b\u0432\u0430\u0442\u044c\u0441\u044f. \u0421\u0442\u0430\u0440\u0430\u0435\u0442\u0435\u0441\u044c \u0447\u0435\u043c-\u043d\u0438\u0431\u0443\u0434\u044c \u043d\u0430\u043a\u0440\u044b\u0442\u044c \u0435\u0435. \u0418 \u0435\u0441\u043b\u0438 \u0432\u0430\u043c \u044d\u0442\u043e \u0443\u0434\u0430\u0435\u0442\u0441\u044f, \u0431\u0435\u0440\u0435\u0442\u0435 \u0431\u0430\u0431\u043e\u0447\u043a\u0443 \u0437\u0430 \u043a\u0440\u044b\u043b\u044c\u044f, \u0442\u0440\u043e\u0433\u0430\u0435\u0442\u0435 \u0443\u0441\u0438\u043a\u0438, \u0441\u0432\u0435\u0440\u043d\u0443\u0442\u044b\u0439 <a class=\"mh-excerpt-more\" href=\"https:\/\/pro-babochek.ru\/de\/\" title=\"\u0411\u0430\u0431\u043e\u0447\u043a\u0438\">[&#8230;]<\/a><\/p>\n<\/div>","protected":false},"author":1,"featured_media":225,"parent":0,"menu_order":0,"comment_status":"closed","ping_status":"closed","template":"","meta":{"crb-meta-links":"","crb-meta-show":"","crb-meta-show-edited":"","crb-meta-use-manual":"off","footnotes":""},"class_list":["post-130","page","type-page","status-publish","has-post-thumbnail"],"yoast_head":"<title>\u0411\u0430\u0431\u043e\u0447\u043a\u0438<\/title>\n<meta name=\"description\" content=\"\u0411\u0430\u0431\u043e\u0447\u043a\u0438 \u0438 \u0432\u0441\u0435, \u0447\u0442\u043e \u0412\u044b \u0445\u043e\u0442\u0435\u043b\u0438 \u0443\u0437\u043d\u0430\u0442\u044c \u043f\u0440\u043e \u0431\u0430\u0431\u043e\u0447\u0435\u043a\" \/>\n<meta name=\"robots\" content=\"index, follow, max-snippet:-1, max-image-preview:large, max-video-preview:-1\" \/>\n<link rel=\"canonical\" href=\"https:\/\/pro-babochek.ru\/de\/\" \/>\n<meta property=\"og:locale\" content=\"de_DE\" \/>\n<meta property=\"og:type\" content=\"article\" \/>\n<meta property=\"og:title\" content=\"\u0411\u0430\u0431\u043e\u0447\u043a\u0438\" \/>\n<meta property=\"og:description\" content=\"\u0411\u0430\u0431\u043e\u0447\u043a\u0438 \u0438 \u0432\u0441\u0435, \u0447\u0442\u043e \u0412\u044b \u0445\u043e\u0442\u0435\u043b\u0438 \u0443\u0437\u043d\u0430\u0442\u044c \u043f\u0440\u043e \u0431\u0430\u0431\u043e\u0447\u0435\u043a\" \/>\n<meta property=\"og:url\" content=\"https:\/\/pro-babochek.ru\/de\/\" \/>\n<meta property=\"og:site_name\" content=\"\u041c\u0438\u0440 \u0431\u0430\u0431\u043e\u0447\u0435\u043a \u0438 \u0432\u0441\u0451 \u043e \u043d\u0438\u0445\" \/>\n<meta property=\"article:modified_time\" content=\"2023-05-05T01:18:07+00:00\" \/>\n<meta property=\"og:image\" content=\"https:\/\/pro-babochek.ru\/wp-content\/uploads\/2014\/04\/vse-babochki.jpg\" \/>\n\t<meta property=\"og:image:width\" content=\"750\" \/>\n\t<meta property=\"og:image:height\" content=\"424\" \/>\n\t<meta property=\"og:image:type\" content=\"image\/jpeg\" \/>\n<meta name=\"twitter:card\" content=\"summary_large_image\" \/>\n<script type=\"application\/ld+json\" class=\"yoast-schema-graph\">{\"@context\":\"https:\\\/\\\/schema.org\",\"@graph\":[{\"@type\":\"WebPage\",\"@id\":\"https:\\\/\\\/pro-babochek.ru\\\/\",\"url\":\"https:\\\/\\\/pro-babochek.ru\\\/\",\"name\":\"\u0411\u0430\u0431\u043e\u0447\u043a\u0438\",\"isPartOf\":{\"@id\":\"https:\\\/\\\/pro-babochek.ru\\\/#website\"},\"primaryImageOfPage\":{\"@id\":\"https:\\\/\\\/pro-babochek.ru\\\/#primaryimage\"},\"image\":{\"@id\":\"https:\\\/\\\/pro-babochek.ru\\\/#primaryimage\"},\"thumbnailUrl\":\"https:\\\/\\\/pro-babochek.ru\\\/wp-content\\\/uploads\\\/2014\\\/04\\\/vse-babochki.jpg\",\"datePublished\":\"2014-04-03T21:30:51+00:00\",\"dateModified\":\"2023-05-05T01:18:07+00:00\",\"description\":\"\u0411\u0430\u0431\u043e\u0447\u043a\u0438 \u0438 \u0432\u0441\u0435, \u0447\u0442\u043e \u0412\u044b \u0445\u043e\u0442\u0435\u043b\u0438 \u0443\u0437\u043d\u0430\u0442\u044c \u043f\u0440\u043e \u0431\u0430\u0431\u043e\u0447\u0435\u043a\",\"breadcrumb\":{\"@id\":\"https:\\\/\\\/pro-babochek.ru\\\/#breadcrumb\"},\"inLanguage\":\"de\",\"potentialAction\":[{\"@type\":\"ReadAction\",\"target\":[\"https:\\\/\\\/pro-babochek.ru\\\/\"]}]},{\"@type\":\"ImageObject\",\"inLanguage\":\"de\",\"@id\":\"https:\\\/\\\/pro-babochek.ru\\\/#primaryimage\",\"url\":\"https:\\\/\\\/pro-babochek.ru\\\/wp-content\\\/uploads\\\/2014\\\/04\\\/vse-babochki.jpg\",\"contentUrl\":\"https:\\\/\\\/pro-babochek.ru\\\/wp-content\\\/uploads\\\/2014\\\/04\\\/vse-babochki.jpg\",\"width\":750,\"height\":424,\"caption\":\"\u0444\u043e\u0442\u043e \u0431\u0430\u0431\u043e\u0447\u0435\u043a\"},{\"@type\":\"BreadcrumbList\",\"@id\":\"https:\\\/\\\/pro-babochek.ru\\\/#breadcrumb\",\"itemListElement\":[{\"@type\":\"ListItem\",\"position\":1,\"name\":\"\u0413\u043b\u0430\u0432\u043d\u0430\u044f \u0441\u0442\u0440\u0430\u043d\u0438\u0446\u0430\",\"item\":\"https:\\\/\\\/pro-babochek.ru\\\/\"},{\"@type\":\"ListItem\",\"position\":2,\"name\":\"\u0411\u0430\u0431\u043e\u0447\u043a\u0438\"}]},{\"@type\":\"WebSite\",\"@id\":\"https:\\\/\\\/pro-babochek.ru\\\/#website\",\"url\":\"https:\\\/\\\/pro-babochek.ru\\\/\",\"name\":\"\u041c\u0438\u0440 \u0431\u0430\u0431\u043e\u0447\u0435\u043a \u0438 \u0432\u0441\u0451 \u043e \u043d\u0438\u0445\",\"description\":\"\u041f\u0440\u043e \u0431\u0430\u0431\u043e\u0447\u0435\u043a\",\"potentialAction\":[{\"@type\":\"SearchAction\",\"target\":{\"@type\":\"EntryPoint\",\"urlTemplate\":\"https:\\\/\\\/pro-babochek.ru\\\/?s={search_term_string}\"},\"query-input\":{\"@type\":\"PropertyValueSpecification\",\"valueRequired\":true,\"valueName\":\"search_term_string\"}}],\"inLanguage\":\"de\"}]}<\/script>","yoast_head_json":{"title":"Schmetterlinge","description":"Schmetterlinge und alles, was Sie \u00fcber Schmetterlinge wissen wollten","robots":{"index":"index","follow":"follow","max-snippet":"max-snippet:-1","max-image-preview":"max-image-preview:large","max-video-preview":"max-video-preview:-1"},"canonical":"https:\/\/pro-babochek.ru\/de\/","og_locale":"de_DE","og_type":"article","og_title":"\u0411\u0430\u0431\u043e\u0447\u043a\u0438","og_description":"\u0411\u0430\u0431\u043e\u0447\u043a\u0438 \u0438 \u0432\u0441\u0435, \u0447\u0442\u043e \u0412\u044b \u0445\u043e\u0442\u0435\u043b\u0438 \u0443\u0437\u043d\u0430\u0442\u044c \u043f\u0440\u043e \u0431\u0430\u0431\u043e\u0447\u0435\u043a","og_url":"https:\/\/pro-babochek.ru\/de\/","og_site_name":"\u041c\u0438\u0440 \u0431\u0430\u0431\u043e\u0447\u0435\u043a \u0438 \u0432\u0441\u0451 \u043e \u043d\u0438\u0445","article_modified_time":"2023-05-05T01:18:07+00:00","og_image":[{"width":750,"height":424,"url":"https:\/\/pro-babochek.ru\/wp-content\/uploads\/2014\/04\/vse-babochki.jpg","type":"image\/jpeg"}],"twitter_card":"summary_large_image","schema":{"@context":"https:\/\/schema.org","@graph":[{"@type":"WebPage","@id":"https:\/\/pro-babochek.ru\/","url":"https:\/\/pro-babochek.ru\/","name":"Schmetterlinge","isPartOf":{"@id":"https:\/\/pro-babochek.ru\/#website"},"primaryImageOfPage":{"@id":"https:\/\/pro-babochek.ru\/#primaryimage"},"image":{"@id":"https:\/\/pro-babochek.ru\/#primaryimage"},"thumbnailUrl":"https:\/\/pro-babochek.ru\/wp-content\/uploads\/2014\/04\/vse-babochki.jpg","datePublished":"2014-04-03T21:30:51+00:00","dateModified":"2023-05-05T01:18:07+00:00","description":"Schmetterlinge und alles, was Sie \u00fcber Schmetterlinge wissen wollten","breadcrumb":{"@id":"https:\/\/pro-babochek.ru\/#breadcrumb"},"inLanguage":"de","potentialAction":[{"@type":"ReadAction","target":["https:\/\/pro-babochek.ru\/"]}]},{"@type":"ImageObject","inLanguage":"de","@id":"https:\/\/pro-babochek.ru\/#primaryimage","url":"https:\/\/pro-babochek.ru\/wp-content\/uploads\/2014\/04\/vse-babochki.jpg","contentUrl":"https:\/\/pro-babochek.ru\/wp-content\/uploads\/2014\/04\/vse-babochki.jpg","width":750,"height":424,"caption":"\u0444\u043e\u0442\u043e \u0431\u0430\u0431\u043e\u0447\u0435\u043a"},{"@type":"BreadcrumbList","@id":"https:\/\/pro-babochek.ru\/#breadcrumb","itemListElement":[{"@type":"ListItem","position":1,"name":"\u0413\u043b\u0430\u0432\u043d\u0430\u044f \u0441\u0442\u0440\u0430\u043d\u0438\u0446\u0430","item":"https:\/\/pro-babochek.ru\/"},{"@type":"ListItem","position":2,"name":"\u0411\u0430\u0431\u043e\u0447\u043a\u0438"}]},{"@type":"WebSite","@id":"https:\/\/pro-babochek.ru\/#website","url":"https:\/\/pro-babochek.ru\/","name":"Die Welt der Schmetterlinge und alles rund um sie","description":"\u00dcber Schmetterlinge","potentialAction":[{"@type":"SearchAction","target":{"@type":"EntryPoint","urlTemplate":"https:\/\/pro-babochek.ru\/?s={search_term_string}"},"query-input":{"@type":"PropertyValueSpecification","valueRequired":true,"valueName":"search_term_string"}}],"inLanguage":"de"}]}},"_links":{"self":[{"href":"https:\/\/pro-babochek.ru\/de\/wp-json\/wp\/v2\/pages\/130","targetHints":{"allow":["GET"]}}],"collection":[{"href":"https:\/\/pro-babochek.ru\/de\/wp-json\/wp\/v2\/pages"}],"about":[{"href":"https:\/\/pro-babochek.ru\/de\/wp-json\/wp\/v2\/types\/page"}],"author":[{"embeddable":true,"href":"https:\/\/pro-babochek.ru\/de\/wp-json\/wp\/v2\/users\/1"}],"replies":[{"embeddable":true,"href":"https:\/\/pro-babochek.ru\/de\/wp-json\/wp\/v2\/comments?post=130"}],"version-history":[{"count":0,"href":"https:\/\/pro-babochek.ru\/de\/wp-json\/wp\/v2\/pages\/130\/revisions"}],"wp:featuredmedia":[{"embeddable":true,"href":"https:\/\/pro-babochek.ru\/de\/wp-json\/wp\/v2\/media\/225"}],"wp:attachment":[{"href":"https:\/\/pro-babochek.ru\/de\/wp-json\/wp\/v2\/media?parent=130"}],"curies":[{"name":"wp","href":"https:\/\/api.w.org\/{rel}","templated":true}]}}