{"id":29304,"date":"2025-04-10T04:35:03","date_gmt":"2025-04-10T00:35:03","guid":{"rendered":"https:\/\/pro-babochek.ru\/?page_id=29304"},"modified":"2026-02-04T17:53:37","modified_gmt":"2026-02-04T13:53:37","slug":"om","status":"publish","type":"page","link":"https:\/\/pro-babochek.ru\/da\/om","title":{"rendered":"Om webstedet"},"content":{"rendered":"<p>Velkommen til pro-babochek.ru \u2013 din onlineportal dedikeret til sommerfuglenes fantastiske og skr\u00f8belige verden! Vi byder velkommen til alle, der deler vores passion for disse utrolige skabninger eller lige er begyndt at opdage deres sk\u00f8nhed.<!--more--><\/p>\n<h2>Vores Mission<\/h2>\n<p>Vi oprettede dette websted for at indsamle og systematisere interessant og p\u00e5lidelig information om sommerfugle. Vores m\u00e5l er ikke bare at fort\u00e6lle dig om mangfoldigheden af arter, men ogs\u00e5 at inspirere dig til at passe p\u00e5 naturen, at vise det unikke ved hvert vinget v\u00e6sen og m\u00e5ske at opmuntre dig til at skabe dit eget sommerfuglehj\u00f8rne i haven.<\/p>\n<h2>Hvad finder du p\u00e5 vores hjemmeside?<\/h2>\n<p>Vi arbejder konstant p\u00e5 at fylde siden og bestr\u00e6ber os p\u00e5 at g\u00f8re den s\u00e5 brugbar og sp\u00e6ndende som muligt. Her kan du finde:<\/p>\n<ul>\n<li>Detaljerede beskrivelser af sommerfuglearter fundet i Rusland og andre regioner i verden.<\/li>\n<li>H\u00f8jkvalitets fotografier og illustrationer, der giver dig mulighed for at se sommerfugle i al deres pragt.<\/li>\n<li>Information om sommerfuglenes livscyklus: fra \u00e6g og larve til puppe og voksen.<\/li>\n<li>Artikler om \u00f8kologi, vaner, migrationer og beskyttelse af sommerfugle.<\/li>\n<li>Tips til at observere og fotografere sommerfugle i naturen.<\/li>\n<li>Id\u00e9er til at skabe en sommerfuglevenlig have (sommerfuglehave).<\/li>\n<\/ul>\n<h2>Vores tilgang<\/h2>\n<p>I vores arbejde er vi styret af flere n\u00f8gleprincipper:<\/p>\n<table>\n<thead>\n<tr>\n<th>Vores princip<\/th>\n<th>Hvad betyder det for dig?<\/th>\n<\/tr>\n<\/thead>\n<tbody>\n<tr>\n<td>P\u00e5lidelighed og relevans<\/td>\n<td>Vi bestr\u00e6ber os p\u00e5 at give verificerede oplysninger baseret p\u00e5 videnskabelige data og eksperterfaring og at opdatere indholdet regelm\u00e6ssigt.<\/td>\n<\/tr>\n<tr>\n<td>Passion og inspiration<\/td>\n<td>Vi elsker virkelig sommerfuglenes verden og \u00f8nsker at dele denne k\u00e6rlighed med dig ved at pr\u00e6sentere information p\u00e5 en m\u00e5de, der ikke kun er l\u00e6rerig, men ogs\u00e5 underholdende.<\/td>\n<\/tr>\n<\/tbody>\n<\/table>\n<h2>Slut dig til os!<\/h2>\n<p>Sommerfuglenes verden er enorm og byder konstant p\u00e5 overraskelser. Vi inviterer dig til at udforske det med os! Studer webstedets materialer, del dine observationer og fotos (hvis en s\u00e5dan mulighed er givet), stil sp\u00f8rgsm\u00e5l.<\/p>\n<p>Tak fordi du er sammen med os! Vi h\u00e5ber, at webstedet pro-babochek.ru bliver din p\u00e5lidelige guide til den magiske verden af lepidopterologi.<\/p>","protected":false},"excerpt":{"rendered":"<div class=\"mh-excerpt\"><p>Velkommen til pro-babochek.ru \u2013 din onlineportal dedikeret til sommerfuglenes fantastiske og skr\u00f8belige verden! Vi byder velkommen til alle, der deler vores passion for disse utrolige skabninger eller lige er begyndt at opdage deres sk\u00f8nhed.<\/p>\n<\/div>","protected":false},"author":1,"featured_media":0,"parent":0,"menu_order":0,"comment_status":"closed","ping_status":"closed","template":"","meta":{"crb-meta-links":"","crb-meta-show":"","crb-meta-show-edited":"","crb-meta-use-manual":"off","footnotes":""},"class_list":["post-29304","page","type-page","status-publish"],"yoast_head":"<title>\u041e \u0441\u0430\u0439\u0442\u0435 - \u041c\u0438\u0440 \u0431\u0430\u0431\u043e\u0447\u0435\u043a \u0438 \u0432\u0441\u0451 \u043e \u043d\u0438\u0445 \u041e \u0441\u0430\u0439\u0442\u0435 pro-babochek.ru \u2013 \u0423\u0437\u043d\u0430\u0439\u0442\u0435 \u0432\u0441\u0451 \u043e \u043c\u0438\u0440\u0435 \u0431\u0430\u0431\u043e\u0447\u0435\u043a<\/title>\n<meta name=\"description\" content=\"\u0423\u0437\u043d\u0430\u0439\u0442\u0435 \u043e \u043c\u0438\u0441\u0441\u0438\u0438 \u0438 \u043a\u043e\u043c\u0430\u043d\u0434\u0435 \u0441\u0430\u0439\u0442\u0430 pro-babochek.ru. \u041c\u044b \u0434\u0435\u043b\u0438\u043c\u0441\u044f \u0437\u043d\u0430\u043d\u0438\u044f\u043c\u0438, \u0444\u043e\u0442\u043e\u0433\u0440\u0430\u0444\u0438\u044f\u043c\u0438 \u0438 \u043b\u044e\u0431\u043e\u0432\u044c\u044e \u043a \u0443\u0434\u0438\u0432\u0438\u0442\u0435\u043b\u044c\u043d\u043e\u043c\u0443 \u043c\u0438\u0440\u0443 \u0431\u0430\u0431\u043e\u0447\u0435\u043a. \u0412\u0430\u0448 \u0433\u0438\u0434 \u043f\u043e \u043b\u0435\u043f\u0438\u0434\u043e\u043f\u0442\u0435\u0440\u043e\u043b\u043e\u0433\u0438\u0438.\" \/>\n<meta name=\"robots\" content=\"index, follow, max-snippet:-1, max-image-preview:large, max-video-preview:-1\" \/>\n<link rel=\"canonical\" href=\"https:\/\/pro-babochek.ru\/da\/om\" \/>\n<meta property=\"og:locale\" content=\"da_DK\" \/>\n<meta property=\"og:type\" content=\"article\" \/>\n<meta property=\"og:title\" content=\"\u041e \u0441\u0430\u0439\u0442\u0435 - \u041c\u0438\u0440 \u0431\u0430\u0431\u043e\u0447\u0435\u043a \u0438 \u0432\u0441\u0451 \u043e \u043d\u0438\u0445 \u041e \u0441\u0430\u0439\u0442\u0435 pro-babochek.ru \u2013 \u0423\u0437\u043d\u0430\u0439\u0442\u0435 \u0432\u0441\u0451 \u043e \u043c\u0438\u0440\u0435 \u0431\u0430\u0431\u043e\u0447\u0435\u043a\" \/>\n<meta property=\"og:description\" content=\"\u0423\u0437\u043d\u0430\u0439\u0442\u0435 \u043e \u043c\u0438\u0441\u0441\u0438\u0438 \u0438 \u043a\u043e\u043c\u0430\u043d\u0434\u0435 \u0441\u0430\u0439\u0442\u0430 pro-babochek.ru. \u041c\u044b \u0434\u0435\u043b\u0438\u043c\u0441\u044f \u0437\u043d\u0430\u043d\u0438\u044f\u043c\u0438, \u0444\u043e\u0442\u043e\u0433\u0440\u0430\u0444\u0438\u044f\u043c\u0438 \u0438 \u043b\u044e\u0431\u043e\u0432\u044c\u044e \u043a \u0443\u0434\u0438\u0432\u0438\u0442\u0435\u043b\u044c\u043d\u043e\u043c\u0443 \u043c\u0438\u0440\u0443 \u0431\u0430\u0431\u043e\u0447\u0435\u043a. \u0412\u0430\u0448 \u0433\u0438\u0434 \u043f\u043e \u043b\u0435\u043f\u0438\u0434\u043e\u043f\u0442\u0435\u0440\u043e\u043b\u043e\u0433\u0438\u0438.\" \/>\n<meta property=\"og:url\" content=\"https:\/\/pro-babochek.ru\/da\/om\" \/>\n<meta property=\"og:site_name\" content=\"\u041c\u0438\u0440 \u0431\u0430\u0431\u043e\u0447\u0435\u043a \u0438 \u0432\u0441\u0451 \u043e \u043d\u0438\u0445\" \/>\n<meta property=\"article:modified_time\" content=\"2026-02-04T13:53:37+00:00\" \/>\n<meta property=\"og:image\" content=\"https:\/\/pro-babochek.ru\/wp-content\/uploads\/2018\/10\/butterfly.jpg\" \/>\n\t<meta property=\"og:image:width\" content=\"1200\" \/>\n\t<meta property=\"og:image:height\" content=\"656\" \/>\n\t<meta property=\"og:image:type\" content=\"image\/jpeg\" \/>\n<meta name=\"twitter:card\" content=\"summary_large_image\" \/>\n<script type=\"application\/ld+json\" class=\"yoast-schema-graph\">{\"@context\":\"https:\/\/schema.org\",\"@graph\":[{\"@type\":\"WebPage\",\"@id\":\"https:\/\/pro-babochek.ru\/about\",\"url\":\"https:\/\/pro-babochek.ru\/about\",\"name\":\"\u041e \u0441\u0430\u0439\u0442\u0435 - \u041c\u0438\u0440 \u0431\u0430\u0431\u043e\u0447\u0435\u043a \u0438 \u0432\u0441\u0451 \u043e \u043d\u0438\u0445 \u041e \u0441\u0430\u0439\u0442\u0435 pro-babochek.ru \u2013 \u0423\u0437\u043d\u0430\u0439\u0442\u0435 \u0432\u0441\u0451 \u043e \u043c\u0438\u0440\u0435 \u0431\u0430\u0431\u043e\u0447\u0435\u043a\",\"isPartOf\":{\"@id\":\"https:\/\/pro-babochek.ru\/#website\"},\"datePublished\":\"2025-04-10T00:35:03+00:00\",\"dateModified\":\"2026-02-04T13:53:37+00:00\",\"description\":\"\u0423\u0437\u043d\u0430\u0439\u0442\u0435 \u043e \u043c\u0438\u0441\u0441\u0438\u0438 \u0438 \u043a\u043e\u043c\u0430\u043d\u0434\u0435 \u0441\u0430\u0439\u0442\u0430 pro-babochek.ru. \u041c\u044b \u0434\u0435\u043b\u0438\u043c\u0441\u044f \u0437\u043d\u0430\u043d\u0438\u044f\u043c\u0438, \u0444\u043e\u0442\u043e\u0433\u0440\u0430\u0444\u0438\u044f\u043c\u0438 \u0438 \u043b\u044e\u0431\u043e\u0432\u044c\u044e \u043a \u0443\u0434\u0438\u0432\u0438\u0442\u0435\u043b\u044c\u043d\u043e\u043c\u0443 \u043c\u0438\u0440\u0443 \u0431\u0430\u0431\u043e\u0447\u0435\u043a. \u0412\u0430\u0448 \u0433\u0438\u0434 \u043f\u043e \u043b\u0435\u043f\u0438\u0434\u043e\u043f\u0442\u0435\u0440\u043e\u043b\u043e\u0433\u0438\u0438.\",\"breadcrumb\":{\"@id\":\"https:\/\/pro-babochek.ru\/about#breadcrumb\"},\"inLanguage\":\"da-DK\",\"potentialAction\":[{\"@type\":\"ReadAction\",\"target\":[\"https:\/\/pro-babochek.ru\/about\"]}]},{\"@type\":\"BreadcrumbList\",\"@id\":\"https:\/\/pro-babochek.ru\/about#breadcrumb\",\"itemListElement\":[{\"@type\":\"ListItem\",\"position\":1,\"name\":\"\u0413\u043b\u0430\u0432\u043d\u0430\u044f \u0441\u0442\u0440\u0430\u043d\u0438\u0446\u0430\",\"item\":\"https:\/\/pro-babochek.ru\/\"},{\"@type\":\"ListItem\",\"position\":2,\"name\":\"\u041e \u0441\u0430\u0439\u0442\u0435\"}]},{\"@type\":\"WebSite\",\"@id\":\"https:\/\/pro-babochek.ru\/#website\",\"url\":\"https:\/\/pro-babochek.ru\/\",\"name\":\"\u041c\u0438\u0440 \u0431\u0430\u0431\u043e\u0447\u0435\u043a \u0438 \u0432\u0441\u0451 \u043e \u043d\u0438\u0445\",\"description\":\"\u041f\u0440\u043e \u0431\u0430\u0431\u043e\u0447\u0435\u043a\",\"potentialAction\":[{\"@type\":\"SearchAction\",\"target\":{\"@type\":\"EntryPoint\",\"urlTemplate\":\"https:\/\/pro-babochek.ru\/?s={search_term_string}\"},\"query-input\":{\"@type\":\"PropertyValueSpecification\",\"valueRequired\":true,\"valueName\":\"search_term_string\"}}],\"inLanguage\":\"da-DK\"}]}<\/script>","yoast_head_json":{"title":"Om webstedet - Sommerfuglenes verden og alt om dem Om webstedet pro-babochek.ru - Find ud af alt om sommerfuglenes verden","description":"Find ud af om missionen og teamet p\u00e5 webstedet pro-babochek.ru. Vi deler viden, billeder og k\u00e6rlighed til sommerfuglenes fantastiske verden. Din guide til lepidopterologi.","robots":{"index":"index","follow":"follow","max-snippet":"max-snippet:-1","max-image-preview":"max-image-preview:large","max-video-preview":"max-video-preview:-1"},"canonical":"https:\/\/pro-babochek.ru\/da\/om","og_locale":"da_DK","og_type":"article","og_title":"\u041e \u0441\u0430\u0439\u0442\u0435 - \u041c\u0438\u0440 \u0431\u0430\u0431\u043e\u0447\u0435\u043a \u0438 \u0432\u0441\u0451 \u043e \u043d\u0438\u0445 \u041e \u0441\u0430\u0439\u0442\u0435 pro-babochek.ru \u2013 \u0423\u0437\u043d\u0430\u0439\u0442\u0435 \u0432\u0441\u0451 \u043e \u043c\u0438\u0440\u0435 \u0431\u0430\u0431\u043e\u0447\u0435\u043a","og_description":"\u0423\u0437\u043d\u0430\u0439\u0442\u0435 \u043e \u043c\u0438\u0441\u0441\u0438\u0438 \u0438 \u043a\u043e\u043c\u0430\u043d\u0434\u0435 \u0441\u0430\u0439\u0442\u0430 pro-babochek.ru. \u041c\u044b \u0434\u0435\u043b\u0438\u043c\u0441\u044f \u0437\u043d\u0430\u043d\u0438\u044f\u043c\u0438, \u0444\u043e\u0442\u043e\u0433\u0440\u0430\u0444\u0438\u044f\u043c\u0438 \u0438 \u043b\u044e\u0431\u043e\u0432\u044c\u044e \u043a \u0443\u0434\u0438\u0432\u0438\u0442\u0435\u043b\u044c\u043d\u043e\u043c\u0443 \u043c\u0438\u0440\u0443 \u0431\u0430\u0431\u043e\u0447\u0435\u043a. \u0412\u0430\u0448 \u0433\u0438\u0434 \u043f\u043e \u043b\u0435\u043f\u0438\u0434\u043e\u043f\u0442\u0435\u0440\u043e\u043b\u043e\u0433\u0438\u0438.","og_url":"https:\/\/pro-babochek.ru\/da\/om","og_site_name":"\u041c\u0438\u0440 \u0431\u0430\u0431\u043e\u0447\u0435\u043a \u0438 \u0432\u0441\u0451 \u043e \u043d\u0438\u0445","article_modified_time":"2026-02-04T13:53:37+00:00","og_image":[{"width":1200,"height":656,"url":"https:\/\/pro-babochek.ru\/wp-content\/uploads\/2018\/10\/butterfly.jpg","type":"image\/jpeg"}],"twitter_card":"summary_large_image","schema":{"@context":"https:\/\/schema.org","@graph":[{"@type":"WebPage","@id":"https:\/\/pro-babochek.ru\/about","url":"https:\/\/pro-babochek.ru\/about","name":"Om webstedet - Sommerfuglenes verden og alt om dem Om webstedet pro-babochek.ru - Find ud af alt om sommerfuglenes verden","isPartOf":{"@id":"https:\/\/pro-babochek.ru\/#website"},"datePublished":"2025-04-10T00:35:03+00:00","dateModified":"2026-02-04T13:53:37+00:00","description":"Find ud af om missionen og teamet p\u00e5 webstedet pro-babochek.ru. Vi deler viden, billeder og k\u00e6rlighed til sommerfuglenes fantastiske verden. Din guide til lepidopterologi.","breadcrumb":{"@id":"https:\/\/pro-babochek.ru\/about#breadcrumb"},"inLanguage":"da-DK","potentialAction":[{"@type":"ReadAction","target":["https:\/\/pro-babochek.ru\/about"]}]},{"@type":"BreadcrumbList","@id":"https:\/\/pro-babochek.ru\/about#breadcrumb","itemListElement":[{"@type":"ListItem","position":1,"name":"\u0413\u043b\u0430\u0432\u043d\u0430\u044f \u0441\u0442\u0440\u0430\u043d\u0438\u0446\u0430","item":"https:\/\/pro-babochek.ru\/"},{"@type":"ListItem","position":2,"name":"\u041e \u0441\u0430\u0439\u0442\u0435"}]},{"@type":"WebSite","@id":"https:\/\/pro-babochek.ru\/#website","url":"https:\/\/pro-babochek.ru\/","name":"Sommerfuglenes verden og alt ved dem","description":"Om sommerfugle","potentialAction":[{"@type":"SearchAction","target":{"@type":"EntryPoint","urlTemplate":"https:\/\/pro-babochek.ru\/?s={search_term_string}"},"query-input":{"@type":"PropertyValueSpecification","valueRequired":true,"valueName":"search_term_string"}}],"inLanguage":"da-DK"}]}},"_links":{"self":[{"href":"https:\/\/pro-babochek.ru\/da\/wp-json\/wp\/v2\/pages\/29304","targetHints":{"allow":["GET"]}}],"collection":[{"href":"https:\/\/pro-babochek.ru\/da\/wp-json\/wp\/v2\/pages"}],"about":[{"href":"https:\/\/pro-babochek.ru\/da\/wp-json\/wp\/v2\/types\/page"}],"author":[{"embeddable":true,"href":"https:\/\/pro-babochek.ru\/da\/wp-json\/wp\/v2\/users\/1"}],"replies":[{"embeddable":true,"href":"https:\/\/pro-babochek.ru\/da\/wp-json\/wp\/v2\/comments?post=29304"}],"version-history":[{"count":0,"href":"https:\/\/pro-babochek.ru\/da\/wp-json\/wp\/v2\/pages\/29304\/revisions"}],"wp:attachment":[{"href":"https:\/\/pro-babochek.ru\/da\/wp-json\/wp\/v2\/media?parent=29304"}],"curies":[{"name":"wp","href":"https:\/\/api.w.org\/{rel}","templated":true}]}}