{"id":130,"date":"2014-04-04T01:30:51","date_gmt":"2014-04-03T21:30:51","guid":{"rendered":"https:\/\/pro-babochek.ru\/?page_id=130"},"modified":"2023-05-05T05:18:07","modified_gmt":"2023-05-05T01:18:07","slug":"sommerfugle","status":"publish","type":"page","link":"https:\/\/pro-babochek.ru\/da\/","title":{"rendered":"sommerfugle"},"content":{"rendered":"<p>Sommerfugle er vidunderlige v\u00e6sner. Her sad den brogede Urticaria p\u00e5 en blomst. Selvf\u00f8lgelig begynder du straks at snige dig ind p\u00e5 hende. Pr\u00f8v at d\u00e6kke det med noget. Og hvis det lykkes, tag sommerfuglen ved vingerne, r\u00f8r ved antennerne, snablen viklet i en spiral. Og s\u00e5 smider du det \u2013 hvad skal du bruge det til?<!--more--><\/p>\n<p><img loading=\"lazy\" decoding=\"async\" class=\"aligncenter size-full wp-image-225\" src=\"https:\/\/pro-babochek.ru\/wp-content\/uploads\/2014\/04\/vse-babochki.jpg\" alt=\"foto af sommerfugle\" width=\"750\" height=\"424\" srcset=\"https:\/\/pro-babochek.ru\/wp-content\/uploads\/2014\/04\/vse-babochki.jpg 750w, https:\/\/pro-babochek.ru\/wp-content\/uploads\/2014\/04\/vse-babochki-330x187.jpg 330w, https:\/\/pro-babochek.ru\/wp-content\/uploads\/2014\/04\/vse-babochki-678x383.jpg 678w, https:\/\/pro-babochek.ru\/wp-content\/uploads\/2014\/04\/vse-babochki-300x170.jpg 300w\" sizes=\"auto, (max-width: 750px) 100vw, 750px\" \/><\/p>\n<p>Men sommerfuglen kan ikke l\u00e6ngere flyve, den glider p\u00e5 en eller anden m\u00e5de skr\u00e5t ned og sl\u00e5r hj\u00e6lpel\u00f8st p\u00e5 jorden. Dens fl\u00f8jlsbl\u00f8de lyse vinger er flosset, m\u00f8nsteret er slettet, bunden af vingen, gennemsigtig som glimmer, er synlig ... Sommerfuglen er d\u00f8mt til d\u00f8den.<\/p>\n<p>Det er meget mere interessant at se sommerfugle uden at beskadige dem. Dette er trods alt et insekt med en &quot;fuldst\u00e6ndig transformation.&quot; I en kakerlak, for eksempel, eller i en gr\u00e6shoppe, kommer der straks en lillebitte kakerlak eller gr\u00e6shoppe ud af \u00e6gget. Men larven, som sommerfuglen vil vise sig fra, er fuldst\u00e6ndig ulig den. Jeg kan ikke engang tro, at s\u00e5dan en &quot;orm&quot; vil g\u00f8re en sk\u00f8nhed med silkebl\u00f8de vinger.<\/p>\n<hr \/>\n<blockquote>\n<p style=\"text-align: center;\"><a href=\"https:\/\/pro-babochek.ru\/da\/vidibabochek\/\">Sommerfuglearter<\/a>. <a href=\"https:\/\/pro-babochek.ru\/da\/cheshuekrylye\/\">Bestil Lepidoptera<\/a>.<\/p>\n<\/blockquote>\n<hr \/>\n<p>Du kan sagtens selv tage en sommerfugl frem. Saml larverne, men s\u00f8rg for at fange den plante, du har dem p\u00e5 <img loading=\"lazy\" decoding=\"async\" class=\"alignright size-full wp-image-13\" src=\"https:\/\/pro-babochek.ru\/wp-content\/uploads\/2014\/04\/geltushka.jpg\" alt=\"Sommerfugl\" width=\"250\" height=\"184\" srcset=\"https:\/\/pro-babochek.ru\/wp-content\/uploads\/2014\/04\/geltushka.jpg 250w, https:\/\/pro-babochek.ru\/wp-content\/uploads\/2014\/04\/geltushka-80x60.jpg 80w\" sizes=\"auto, (max-width: 250px) 100vw, 250px\" \/>fundet, - finurlige larver vil ikke spise andre blade og vil d\u00f8. L\u00e6g dem i en krukke eller \u00e6ske, men glem ikke, at de ogs\u00e5 har brug for luft: Bind krukken med ostel\u00e6rred eller prik sm\u00e5 huller i l\u00e5get p\u00e5 \u00e6sken.<\/p>\n<p>Bladene skal selvf\u00f8lgelig l\u00e6gges friske, og du skal rydde op efter larverne. De skal jo vokse, de spiser n\u00e6sten uafbrudt og spiser nogle gange mere p\u00e5 en dag, end de vejer sig selv.<\/p>\n<p>N\u00e5r du bem\u00e6rker, at larverne er blevet noget dovne, skal du ikke tro, at de er syge. Dette forbereder den f\u00f8rste mirakul\u00f8se transformation. Hvordan det sker, er meget sv\u00e6rt at f\u00f8lge. Kun en morgen vil du se ubev\u00e6gelige pupper kl\u00e6dt i kitin i stedet for larver.<\/p>\n<p>Mange pupper ligner sommerfuglemumier - foldede ben, antenner presset til kroppen. Og andre pupper ligner ikke en larve eller en sommerfugl \u2013 alt er d\u00e6kket af pigge og udv\u00e6kster.<\/p>\n<p style=\"text-align: center;\"><img loading=\"lazy\" decoding=\"async\" class=\"aligncenter size-full wp-image-576\" src=\"https:\/\/pro-babochek.ru\/wp-content\/uploads\/2018\/10\/butterfly.jpg\" alt=\"Sommerfugl\" width=\"1200\" height=\"656\" srcset=\"https:\/\/pro-babochek.ru\/wp-content\/uploads\/2018\/10\/butterfly.jpg 1200w, https:\/\/pro-babochek.ru\/wp-content\/uploads\/2018\/10\/butterfly-330x180.jpg 330w, https:\/\/pro-babochek.ru\/wp-content\/uploads\/2018\/10\/butterfly-678x371.jpg 678w, https:\/\/pro-babochek.ru\/wp-content\/uploads\/2018\/10\/butterfly-300x164.jpg 300w, https:\/\/pro-babochek.ru\/wp-content\/uploads\/2018\/10\/butterfly-768x420.jpg 768w, https:\/\/pro-babochek.ru\/wp-content\/uploads\/2018\/10\/butterfly-1024x560.jpg 1024w\" sizes=\"auto, (max-width: 1200px) 100vw, 1200px\" \/><\/p>\n<p>Pupperne spiser eller bev\u00e6ger sig ikke. Og alligevel finder en anden forvandling sted i dem: en sommerfugls flugt forbereder sig. Hvis du er heldig, vil du se det med dine egne \u00f8jne.<\/p>\n<p>Her bev\u00e6ger puppen sig. Det kitin\u00f8se d\u00e6ksel brister, og efterh\u00e5nden dukker ryggen, hovedet og benene op fra det. Et gennemsigtigt d\u00e6ksel forbliver fra puppen, selv antenneskallerne forbliver. Sommerfugl kravler ud. Og hvor er de luksuri\u00f8se vinger? I stedet for dem er der stadig v\u00e5de sm\u00e5 tr\u00e6vler. Men vent! I luften vil de snart rette sig ud, skinne, gnistre med lyse farver.<\/p>\n<p style=\"text-align: center;\"><img loading=\"lazy\" decoding=\"async\" class=\"aligncenter size-full wp-image-595\" src=\"https:\/\/pro-babochek.ru\/wp-content\/uploads\/2019\/04\/babochka-raspravlyaet-krylya.jpg\" alt=\"spreder sine vinger\" width=\"1000\" height=\"545\" srcset=\"https:\/\/pro-babochek.ru\/wp-content\/uploads\/2019\/04\/babochka-raspravlyaet-krylya.jpg 1000w, https:\/\/pro-babochek.ru\/wp-content\/uploads\/2019\/04\/babochka-raspravlyaet-krylya-330x180.jpg 330w, https:\/\/pro-babochek.ru\/wp-content\/uploads\/2019\/04\/babochka-raspravlyaet-krylya-678x370.jpg 678w, https:\/\/pro-babochek.ru\/wp-content\/uploads\/2019\/04\/babochka-raspravlyaet-krylya-300x164.jpg 300w, https:\/\/pro-babochek.ru\/wp-content\/uploads\/2019\/04\/babochka-raspravlyaet-krylya-768x419.jpg 768w\" sizes=\"auto, (max-width: 1000px) 100vw, 1000px\" \/><\/p>\n<p>Vi har mange forskellige elegante sommerfugle p\u00e5 engene. S\u00e6t dig p\u00e5 gr\u00e6sset, f\u00f8lg dem. Og hvis du vil fange - s\u00e5 pr\u00f8v, s\u00e5 den vidunderlige subtile skabelse af naturen ikke kommer forkr\u00f8blet ud af dine h\u00e6nder.<\/p>","protected":false},"excerpt":{"rendered":"<div class=\"mh-excerpt\"><p>Sommerfugle er smukke skabninger. Her er en broget n\u00e6lde, der sidder p\u00e5 en blomst. Naturligvis begynder du straks at snige dig ind p\u00e5 den. Du pr\u00f8ver at d\u00e6kke den med noget. Og hvis det lykkes, tager du sommerfuglen i vingerne, r\u00f8rer ved antennerne og kr\u00f8ller dig sammen. <a class=\"mh-excerpt-more\" href=\"https:\/\/pro-babochek.ru\/da\/\" title=\"sommerfugle\">[\u2026]<\/a><\/p>\n<\/div>","protected":false},"author":1,"featured_media":225,"parent":0,"menu_order":0,"comment_status":"closed","ping_status":"closed","template":"","meta":{"crb-meta-links":"","crb-meta-show":"","crb-meta-show-edited":"","crb-meta-use-manual":"off","footnotes":""},"class_list":["post-130","page","type-page","status-publish","has-post-thumbnail"],"yoast_head":"<title>\u0411\u0430\u0431\u043e\u0447\u043a\u0438<\/title>\n<meta name=\"description\" content=\"\u0411\u0430\u0431\u043e\u0447\u043a\u0438 \u0438 \u0432\u0441\u0435, \u0447\u0442\u043e \u0412\u044b \u0445\u043e\u0442\u0435\u043b\u0438 \u0443\u0437\u043d\u0430\u0442\u044c \u043f\u0440\u043e \u0431\u0430\u0431\u043e\u0447\u0435\u043a\" \/>\n<meta name=\"robots\" content=\"index, follow, max-snippet:-1, max-image-preview:large, max-video-preview:-1\" \/>\n<link rel=\"canonical\" href=\"https:\/\/pro-babochek.ru\/da\/\" \/>\n<meta property=\"og:locale\" content=\"da_DK\" \/>\n<meta property=\"og:type\" content=\"article\" \/>\n<meta property=\"og:title\" content=\"\u0411\u0430\u0431\u043e\u0447\u043a\u0438\" \/>\n<meta property=\"og:description\" content=\"\u0411\u0430\u0431\u043e\u0447\u043a\u0438 \u0438 \u0432\u0441\u0435, \u0447\u0442\u043e \u0412\u044b \u0445\u043e\u0442\u0435\u043b\u0438 \u0443\u0437\u043d\u0430\u0442\u044c \u043f\u0440\u043e \u0431\u0430\u0431\u043e\u0447\u0435\u043a\" \/>\n<meta property=\"og:url\" content=\"https:\/\/pro-babochek.ru\/da\/\" \/>\n<meta property=\"og:site_name\" content=\"\u041c\u0438\u0440 \u0431\u0430\u0431\u043e\u0447\u0435\u043a \u0438 \u0432\u0441\u0451 \u043e \u043d\u0438\u0445\" \/>\n<meta property=\"article:modified_time\" content=\"2023-05-05T01:18:07+00:00\" \/>\n<meta property=\"og:image\" content=\"https:\/\/pro-babochek.ru\/wp-content\/uploads\/2014\/04\/vse-babochki.jpg\" \/>\n\t<meta property=\"og:image:width\" content=\"750\" \/>\n\t<meta property=\"og:image:height\" content=\"424\" \/>\n\t<meta property=\"og:image:type\" content=\"image\/jpeg\" \/>\n<meta name=\"twitter:card\" content=\"summary_large_image\" \/>\n<script type=\"application\/ld+json\" class=\"yoast-schema-graph\">{\"@context\":\"https:\/\/schema.org\",\"@graph\":[{\"@type\":\"WebPage\",\"@id\":\"https:\/\/pro-babochek.ru\/\",\"url\":\"https:\/\/pro-babochek.ru\/\",\"name\":\"\u0411\u0430\u0431\u043e\u0447\u043a\u0438\",\"isPartOf\":{\"@id\":\"https:\/\/pro-babochek.ru\/#website\"},\"primaryImageOfPage\":{\"@id\":\"https:\/\/pro-babochek.ru\/#primaryimage\"},\"image\":{\"@id\":\"https:\/\/pro-babochek.ru\/#primaryimage\"},\"thumbnailUrl\":\"https:\/\/pro-babochek.ru\/wp-content\/uploads\/2014\/04\/vse-babochki.jpg\",\"datePublished\":\"2014-04-03T21:30:51+00:00\",\"dateModified\":\"2023-05-05T01:18:07+00:00\",\"description\":\"\u0411\u0430\u0431\u043e\u0447\u043a\u0438 \u0438 \u0432\u0441\u0435, \u0447\u0442\u043e \u0412\u044b \u0445\u043e\u0442\u0435\u043b\u0438 \u0443\u0437\u043d\u0430\u0442\u044c \u043f\u0440\u043e \u0431\u0430\u0431\u043e\u0447\u0435\u043a\",\"breadcrumb\":{\"@id\":\"https:\/\/pro-babochek.ru\/#breadcrumb\"},\"inLanguage\":\"da-DK\",\"potentialAction\":[{\"@type\":\"ReadAction\",\"target\":[\"https:\/\/pro-babochek.ru\/\"]}]},{\"@type\":\"ImageObject\",\"inLanguage\":\"da-DK\",\"@id\":\"https:\/\/pro-babochek.ru\/#primaryimage\",\"url\":\"https:\/\/pro-babochek.ru\/wp-content\/uploads\/2014\/04\/vse-babochki.jpg\",\"contentUrl\":\"https:\/\/pro-babochek.ru\/wp-content\/uploads\/2014\/04\/vse-babochki.jpg\",\"width\":750,\"height\":424,\"caption\":\"\u0444\u043e\u0442\u043e \u0431\u0430\u0431\u043e\u0447\u0435\u043a\"},{\"@type\":\"BreadcrumbList\",\"@id\":\"https:\/\/pro-babochek.ru\/#breadcrumb\",\"itemListElement\":[{\"@type\":\"ListItem\",\"position\":1,\"name\":\"\u0413\u043b\u0430\u0432\u043d\u0430\u044f \u0441\u0442\u0440\u0430\u043d\u0438\u0446\u0430\",\"item\":\"https:\/\/pro-babochek.ru\/\"},{\"@type\":\"ListItem\",\"position\":2,\"name\":\"\u0411\u0430\u0431\u043e\u0447\u043a\u0438\"}]},{\"@type\":\"WebSite\",\"@id\":\"https:\/\/pro-babochek.ru\/#website\",\"url\":\"https:\/\/pro-babochek.ru\/\",\"name\":\"\u041c\u0438\u0440 \u0431\u0430\u0431\u043e\u0447\u0435\u043a \u0438 \u0432\u0441\u0451 \u043e \u043d\u0438\u0445\",\"description\":\"\u041f\u0440\u043e \u0431\u0430\u0431\u043e\u0447\u0435\u043a\",\"potentialAction\":[{\"@type\":\"SearchAction\",\"target\":{\"@type\":\"EntryPoint\",\"urlTemplate\":\"https:\/\/pro-babochek.ru\/?s={search_term_string}\"},\"query-input\":{\"@type\":\"PropertyValueSpecification\",\"valueRequired\":true,\"valueName\":\"search_term_string\"}}],\"inLanguage\":\"da-DK\"}]}<\/script>","yoast_head_json":{"title":"sommerfugle","description":"Sommerfugle og alt hvad du ville vide om sommerfugle","robots":{"index":"index","follow":"follow","max-snippet":"max-snippet:-1","max-image-preview":"max-image-preview:large","max-video-preview":"max-video-preview:-1"},"canonical":"https:\/\/pro-babochek.ru\/da\/","og_locale":"da_DK","og_type":"article","og_title":"\u0411\u0430\u0431\u043e\u0447\u043a\u0438","og_description":"\u0411\u0430\u0431\u043e\u0447\u043a\u0438 \u0438 \u0432\u0441\u0435, \u0447\u0442\u043e \u0412\u044b \u0445\u043e\u0442\u0435\u043b\u0438 \u0443\u0437\u043d\u0430\u0442\u044c \u043f\u0440\u043e \u0431\u0430\u0431\u043e\u0447\u0435\u043a","og_url":"https:\/\/pro-babochek.ru\/da\/","og_site_name":"\u041c\u0438\u0440 \u0431\u0430\u0431\u043e\u0447\u0435\u043a \u0438 \u0432\u0441\u0451 \u043e \u043d\u0438\u0445","article_modified_time":"2023-05-05T01:18:07+00:00","og_image":[{"width":750,"height":424,"url":"https:\/\/pro-babochek.ru\/wp-content\/uploads\/2014\/04\/vse-babochki.jpg","type":"image\/jpeg"}],"twitter_card":"summary_large_image","schema":{"@context":"https:\/\/schema.org","@graph":[{"@type":"WebPage","@id":"https:\/\/pro-babochek.ru\/","url":"https:\/\/pro-babochek.ru\/","name":"sommerfugle","isPartOf":{"@id":"https:\/\/pro-babochek.ru\/#website"},"primaryImageOfPage":{"@id":"https:\/\/pro-babochek.ru\/#primaryimage"},"image":{"@id":"https:\/\/pro-babochek.ru\/#primaryimage"},"thumbnailUrl":"https:\/\/pro-babochek.ru\/wp-content\/uploads\/2014\/04\/vse-babochki.jpg","datePublished":"2014-04-03T21:30:51+00:00","dateModified":"2023-05-05T01:18:07+00:00","description":"Sommerfugle og alt hvad du ville vide om sommerfugle","breadcrumb":{"@id":"https:\/\/pro-babochek.ru\/#breadcrumb"},"inLanguage":"da-DK","potentialAction":[{"@type":"ReadAction","target":["https:\/\/pro-babochek.ru\/"]}]},{"@type":"ImageObject","inLanguage":"da-DK","@id":"https:\/\/pro-babochek.ru\/#primaryimage","url":"https:\/\/pro-babochek.ru\/wp-content\/uploads\/2014\/04\/vse-babochki.jpg","contentUrl":"https:\/\/pro-babochek.ru\/wp-content\/uploads\/2014\/04\/vse-babochki.jpg","width":750,"height":424,"caption":"\u0444\u043e\u0442\u043e \u0431\u0430\u0431\u043e\u0447\u0435\u043a"},{"@type":"BreadcrumbList","@id":"https:\/\/pro-babochek.ru\/#breadcrumb","itemListElement":[{"@type":"ListItem","position":1,"name":"\u0413\u043b\u0430\u0432\u043d\u0430\u044f \u0441\u0442\u0440\u0430\u043d\u0438\u0446\u0430","item":"https:\/\/pro-babochek.ru\/"},{"@type":"ListItem","position":2,"name":"\u0411\u0430\u0431\u043e\u0447\u043a\u0438"}]},{"@type":"WebSite","@id":"https:\/\/pro-babochek.ru\/#website","url":"https:\/\/pro-babochek.ru\/","name":"Sommerfuglenes verden og alt ved dem","description":"Om sommerfugle","potentialAction":[{"@type":"SearchAction","target":{"@type":"EntryPoint","urlTemplate":"https:\/\/pro-babochek.ru\/?s={search_term_string}"},"query-input":{"@type":"PropertyValueSpecification","valueRequired":true,"valueName":"search_term_string"}}],"inLanguage":"da-DK"}]}},"_links":{"self":[{"href":"https:\/\/pro-babochek.ru\/da\/wp-json\/wp\/v2\/pages\/130","targetHints":{"allow":["GET"]}}],"collection":[{"href":"https:\/\/pro-babochek.ru\/da\/wp-json\/wp\/v2\/pages"}],"about":[{"href":"https:\/\/pro-babochek.ru\/da\/wp-json\/wp\/v2\/types\/page"}],"author":[{"embeddable":true,"href":"https:\/\/pro-babochek.ru\/da\/wp-json\/wp\/v2\/users\/1"}],"replies":[{"embeddable":true,"href":"https:\/\/pro-babochek.ru\/da\/wp-json\/wp\/v2\/comments?post=130"}],"version-history":[{"count":0,"href":"https:\/\/pro-babochek.ru\/da\/wp-json\/wp\/v2\/pages\/130\/revisions"}],"wp:featuredmedia":[{"embeddable":true,"href":"https:\/\/pro-babochek.ru\/da\/wp-json\/wp\/v2\/media\/225"}],"wp:attachment":[{"href":"https:\/\/pro-babochek.ru\/da\/wp-json\/wp\/v2\/media?parent=130"}],"curies":[{"name":"wp","href":"https:\/\/api.w.org\/{rel}","templated":true}]}}